{"id":202,"date":"2020-03-20T09:54:08","date_gmt":"2020-03-20T08:54:08","guid":{"rendered":"https:\/\/kasparian-etancheite.com\/?page_id=202"},"modified":"2020-04-23T15:18:58","modified_gmt":"2020-04-23T13:18:58","slug":"membres","status":"publish","type":"page","link":"https:\/\/www.kasparian-etancheite.com\/index.php\/membres\/","title":{"rendered":"Membres"},"content":{"rendered":"","protected":true},"excerpt":{"rendered":"","protected":true},"author":4,"featured_media":0,"parent":0,"menu_order":0,"comment_status":"closed","ping_status":"closed","template":"","meta":{"footnotes":""},"class_list":["post-202","page","type-page","status-publish","post-password-required","hentry"],"yoast_head":"<!-- This site is optimized with the Yoast SEO plugin v27.1.1 - https:\/\/yoast.com\/product\/yoast-seo-wordpress\/ -->\n<title>Membres - Entreprise Kasparian<\/title>\n<meta name=\"robots\" content=\"index, follow, max-snippet:-1, max-image-preview:large, max-video-preview:-1\" \/>\n<link rel=\"canonical\" href=\"https:\/\/www.kasparian-etancheite.com\/index.php\/membres\/\" \/>\n<meta property=\"og:locale\" content=\"fr_FR\" \/>\n<meta property=\"og:type\" content=\"article\" \/>\n<meta property=\"og:title\" content=\"Membres - Entreprise Kasparian\" \/>\n<meta property=\"og:description\" content=\"Il n\u2019y a pas d\u2019extrait, car cette publication est prot\u00e9g\u00e9e.\" \/>\n<meta property=\"og:url\" content=\"https:\/\/www.kasparian-etancheite.com\/index.php\/membres\/\" \/>\n<meta property=\"og:site_name\" content=\"Entreprise Kasparian\" \/>\n<meta property=\"article:modified_time\" content=\"2020-04-23T13:18:58+00:00\" \/>\n<meta name=\"twitter:card\" content=\"summary_large_image\" \/>\n<script type=\"application\/ld+json\" class=\"yoast-schema-graph\">{\"@context\":\"https:\/\/schema.org\",\"@graph\":[{\"@type\":\"WebPage\",\"@id\":\"https:\/\/www.kasparian-etancheite.com\/index.php\/membres\/\",\"url\":\"https:\/\/www.kasparian-etancheite.com\/index.php\/membres\/\",\"name\":\"Membres - Entreprise Kasparian\",\"isPartOf\":{\"@id\":\"https:\/\/www.kasparian-etancheite.com\/#website\"},\"datePublished\":\"2020-03-20T08:54:08+00:00\",\"dateModified\":\"2020-04-23T13:18:58+00:00\",\"breadcrumb\":{\"@id\":\"https:\/\/www.kasparian-etancheite.com\/index.php\/membres\/#breadcrumb\"},\"inLanguage\":\"fr-FR\"},{\"@type\":\"WebSite\",\"@id\":\"https:\/\/www.kasparian-etancheite.com\/#website\",\"url\":\"https:\/\/www.kasparian-etancheite.com\/\",\"name\":\"Entreprise Kasparian\",\"description\":\"Entreprise du b\u00e2timent sp\u00e9cialis\u00e9e dans l&#039;isolation, l&#039;\u00e9tanch\u00e9it\u00e9 et la couverture\",\"publisher\":{\"@id\":\"https:\/\/www.kasparian-etancheite.com\/#organization\"},\"potentialAction\":[{\"@type\":\"SearchAction\",\"target\":{\"@type\":\"EntryPoint\",\"urlTemplate\":\"https:\/\/www.kasparian-etancheite.com\/?s={search_term_string}\"},\"query-input\":{\"@type\":\"PropertyValueSpecification\",\"valueRequired\":true,\"valueName\":\"search_term_string\"}}],\"inLanguage\":\"fr-FR\"},{\"@type\":\"Organization\",\"@id\":\"https:\/\/www.kasparian-etancheite.com\/#organization\",\"name\":\"Entreprise Kasparian\",\"url\":\"https:\/\/www.kasparian-etancheite.com\/\",\"logo\":{\"@type\":\"ImageObject\",\"inLanguage\":\"fr-FR\",\"@id\":\"https:\/\/www.kasparian-etancheite.com\/#\/schema\/logo\/image\/\",\"url\":\"https:\/\/www.kasparian-etancheite.com\/wp-content\/uploads\/2025\/04\/cropped-Logo.jpg\",\"contentUrl\":\"https:\/\/www.kasparian-etancheite.com\/wp-content\/uploads\/2025\/04\/cropped-Logo.jpg\",\"width\":2014,\"height\":761,\"caption\":\"Entreprise Kasparian\"},\"image\":{\"@id\":\"https:\/\/www.kasparian-etancheite.com\/#\/schema\/logo\/image\/\"}}]}<\/script>\n<!-- \/ Yoast SEO plugin. -->","yoast_head_json":{"title":"Membres - Entreprise Kasparian","robots":{"index":"index","follow":"follow","max-snippet":"max-snippet:-1","max-image-preview":"max-image-preview:large","max-video-preview":"max-video-preview:-1"},"canonical":"https:\/\/www.kasparian-etancheite.com\/index.php\/membres\/","og_locale":"fr_FR","og_type":"article","og_title":"Membres - Entreprise Kasparian","og_description":"Il n\u2019y a pas d\u2019extrait, car cette publication est prot\u00e9g\u00e9e.","og_url":"https:\/\/www.kasparian-etancheite.com\/index.php\/membres\/","og_site_name":"Entreprise Kasparian","article_modified_time":"2020-04-23T13:18:58+00:00","twitter_card":"summary_large_image","schema":{"@context":"https:\/\/schema.org","@graph":[{"@type":"WebPage","@id":"https:\/\/www.kasparian-etancheite.com\/index.php\/membres\/","url":"https:\/\/www.kasparian-etancheite.com\/index.php\/membres\/","name":"Membres - Entreprise Kasparian","isPartOf":{"@id":"https:\/\/www.kasparian-etancheite.com\/#website"},"datePublished":"2020-03-20T08:54:08+00:00","dateModified":"2020-04-23T13:18:58+00:00","breadcrumb":{"@id":"https:\/\/www.kasparian-etancheite.com\/index.php\/membres\/#breadcrumb"},"inLanguage":"fr-FR"},{"@type":"WebSite","@id":"https:\/\/www.kasparian-etancheite.com\/#website","url":"https:\/\/www.kasparian-etancheite.com\/","name":"Entreprise Kasparian","description":"Entreprise du b\u00e2timent sp\u00e9cialis\u00e9e dans l&#039;isolation, l&#039;\u00e9tanch\u00e9it\u00e9 et la couverture","publisher":{"@id":"https:\/\/www.kasparian-etancheite.com\/#organization"},"potentialAction":[{"@type":"SearchAction","target":{"@type":"EntryPoint","urlTemplate":"https:\/\/www.kasparian-etancheite.com\/?s={search_term_string}"},"query-input":{"@type":"PropertyValueSpecification","valueRequired":true,"valueName":"search_term_string"}}],"inLanguage":"fr-FR"},{"@type":"Organization","@id":"https:\/\/www.kasparian-etancheite.com\/#organization","name":"Entreprise Kasparian","url":"https:\/\/www.kasparian-etancheite.com\/","logo":{"@type":"ImageObject","inLanguage":"fr-FR","@id":"https:\/\/www.kasparian-etancheite.com\/#\/schema\/logo\/image\/","url":"https:\/\/www.kasparian-etancheite.com\/wp-content\/uploads\/2025\/04\/cropped-Logo.jpg","contentUrl":"https:\/\/www.kasparian-etancheite.com\/wp-content\/uploads\/2025\/04\/cropped-Logo.jpg","width":2014,"height":761,"caption":"Entreprise Kasparian"},"image":{"@id":"https:\/\/www.kasparian-etancheite.com\/#\/schema\/logo\/image\/"}}]}},"_links":{"self":[{"href":"https:\/\/www.kasparian-etancheite.com\/index.php\/wp-json\/wp\/v2\/pages\/202","targetHints":{"allow":["GET"]}}],"collection":[{"href":"https:\/\/www.kasparian-etancheite.com\/index.php\/wp-json\/wp\/v2\/pages"}],"about":[{"href":"https:\/\/www.kasparian-etancheite.com\/index.php\/wp-json\/wp\/v2\/types\/page"}],"author":[{"embeddable":true,"href":"https:\/\/www.kasparian-etancheite.com\/index.php\/wp-json\/wp\/v2\/users\/4"}],"replies":[{"embeddable":true,"href":"https:\/\/www.kasparian-etancheite.com\/index.php\/wp-json\/wp\/v2\/comments?post=202"}],"version-history":[{"count":10,"href":"https:\/\/www.kasparian-etancheite.com\/index.php\/wp-json\/wp\/v2\/pages\/202\/revisions"}],"predecessor-version":[{"id":231,"href":"https:\/\/www.kasparian-etancheite.com\/index.php\/wp-json\/wp\/v2\/pages\/202\/revisions\/231"}],"wp:attachment":[{"href":"https:\/\/www.kasparian-etancheite.com\/index.php\/wp-json\/wp\/v2\/media?parent=202"}],"curies":[{"name":"wp","href":"https:\/\/api.w.org\/{rel}","templated":true}]}}