{"id":3,"date":"2020-02-06T17:44:14","date_gmt":"2020-02-06T16:44:14","guid":{"rendered":"http:\/\/kasparian-etancheite.com\/?page_id=3"},"modified":"2025-02-14T09:52:40","modified_gmt":"2025-02-14T08:52:40","slug":"politique-de-confidentialite","status":"publish","type":"page","link":"https:\/\/www.kasparian-etancheite.com\/index.php\/politique-de-confidentialite\/","title":{"rendered":"Politique de confidentialit\u00e9"},"content":{"rendered":"\n<h2 class=\"wp-block-heading\">Qui sommes-nous&nbsp;?<\/h2>\n\n\n\n<h3 class=\"wp-block-heading\"> Entreprise Kasparian  <\/h3>\n\n\n\n<p>167 B Rue de la Porte Jaune \u2013<strong>\u00a0<\/strong>92 380 GARCHES\u00a0  <\/p>\n\n\n\n<p>T\u00e9l\u00e9phone : 01 46 45 61 91<\/p>\n\n\n\n<p>L\u2019adresse de notre site Web est&nbsp;: https:\/\/kasparian-etancheite.com<\/p>\n\n\n\n<h2 class=\"wp-block-heading\">Informations l\u00e9gales<\/h2>\n\n\n\n<p>Toutes les marques sont des marques d\u00e9pos\u00e9es appartenant \u00e0 leurs propri\u00e9taires respectifs. Les informations contenues dans ce site, (produits, descriptifs,\u2026) sont donn\u00e9es \u00e0 titre indicatif et peuvent \u00eatre soumises \u00e0 modifications. L\u2019ensemble des informations du site, photos, descriptifs, sont non contractuels.<\/p>\n\n\n\n<h3 class=\"wp-block-heading\">Droits d&rsquo;auteur<\/h3>\n\n\n\n<p>L\u2019ensemble de ce site rel\u00e8ve de la l\u00e9gislation fran\u00e7aise et internationale sur le droit d\u2019auteur et la propri\u00e9t\u00e9 industrielle. Tous les droits de reproduction sont r\u00e9serv\u00e9s. Y compris les repr\u00e9sentations iconographiques et photographiques. La reproduction de tout ou partie de ce site sur quelque support que ce soit est formellement interdite, sans autorisation expresse du responsable du site.<br> Informations nominatives : Loi \u00ab Informatique et Libert\u00e9 \u00bb<\/p>\n\n\n\n<p> Le directeur de la publication est Laurent Deruelle<\/p>\n\n\n\n<h3 class=\"wp-block-heading\">Formulaires de contact<\/h3>\n\n\n\n<h4 class=\"wp-block-heading\">Cookies<\/h4>\n\n\n\n<p> Les courriers \u00e9lectroniques sont conserv\u00e9s sur support informatique durant une p\u00e9riode d\u2019un an <\/p>\n\n\n\n<p>Lorsque vous vous connecterez, nous mettrons en place un certain nombre de cookies pour enregistrer vos informations de connexion et vos pr\u00e9f\u00e9rences d\u2019\u00e9cran.  Si vous vous d\u00e9connectez de votre compte, le cookie de connexion sera effac\u00e9.<\/p>\n\n\n\n<h3 class=\"wp-block-heading\">Contenu embarqu\u00e9 depuis d\u2019autres sites<\/h3>\n\n\n\n<p>Les articles de ce site peuvent inclure des contenus int\u00e9gr\u00e9s (par exemple des vid\u00e9os, images, articles\u2026). Le contenu int\u00e9gr\u00e9 depuis d\u2019autres sites se comporte de la m\u00eame mani\u00e8re que si le visiteur se rendait sur cet autre site.<\/p>\n\n\n\n<p>Ces sites web pourraient collecter des donn\u00e9es sur vous, utiliser des cookies, embarquer des outils de suivis tiers, suivre vos interactions avec ces contenus embarqu\u00e9s si vous disposez d\u2019un compte connect\u00e9 sur leur site web.<\/p>\n\n\n\n<p>La responsabilit\u00e9 de kasparian ne saurait \u00eatre engag\u00e9e au titre d\u2019un site tiers auquel le visiteur acc\u00e9derait via le pr\u00e9sent site gr\u00e2ce \u00e0 un lien hypertext.<\/p>\n\n\n\n<p>Notamment, L\u2019entreprise ne pourra \u00eatre tenue pour responsable de toute perte d\u2019exploitation, commerciale, financi\u00e8re ou de toute perte de programmes ou de donn\u00e9es dans les syst\u00e8mes informatiques des visiteurs du site https:\/\/www.kasparian-etancheite.com<\/p>\n\n\n\n<h2 class=\"wp-block-heading\">Les droits que vous avez sur vos donn\u00e9es<\/h2>\n\n\n\n<p>Les informations vous concernant sont destin\u00e9es au site : https:\/\/ kasparian-etancheite.com <br> <br>Pour cela, veuillez notifier votre refus par e-mail \u00e0 l\u2019adresse suivante : contact@kasparian-etancheite.com<\/p>\n\n\n\n<h2 class=\"wp-block-heading\">Informations de contact<\/h2>\n\n\n\n<p> Vous disposez d\u2019un droit d\u2019acc\u00e8s, de modification, de rectification et de suppression des donn\u00e9es vous concernant (conform\u00e9ment \u00e0 l\u2019article 34 de la loi n78-17 du 6 janvier  1978).    <\/p>\n\n\n\n<p>Pour l\u2019exercer, adressez-vous \u00e0 :  contact@kasparian-etancheite.com <\/p>\n","protected":false},"excerpt":{"rendered":"<p>Qui sommes-nous&nbsp;? Entreprise Kasparian 167 B Rue de la Porte Jaune \u2013\u00a092 380 GARCHES\u00a0 T\u00e9l\u00e9phone : 01 46 45 61 91 L\u2019adresse de notre site Web est&nbsp;: https:\/\/kasparian-etancheite.com Informations l\u00e9gales Toutes les marques sont des marques d\u00e9pos\u00e9es appartenant \u00e0 leurs propri\u00e9taires respectifs. Les informations contenues dans ce site, (produits, descriptifs,\u2026) sont donn\u00e9es \u00e0 titre indicatif &hellip; <\/p>\n<p class=\"link-more\"><a href=\"https:\/\/www.kasparian-etancheite.com\/index.php\/politique-de-confidentialite\/\" class=\"more-link\">Continuer la lecture<span class=\"screen-reader-text\"> de &laquo;&nbsp;Politique de confidentialit\u00e9&nbsp;&raquo;<\/span><\/a><\/p>\n","protected":false},"author":4,"featured_media":0,"parent":0,"menu_order":0,"comment_status":"closed","ping_status":"open","template":"","meta":{"footnotes":""},"class_list":["post-3","page","type-page","status-publish","hentry"],"yoast_head":"<!-- This site is optimized with the Yoast SEO plugin v27.1.1 - https:\/\/yoast.com\/product\/yoast-seo-wordpress\/ -->\n<title>Politique de confidentialit\u00e9 - Entreprise Kasparian<\/title>\n<meta name=\"robots\" content=\"index, follow, max-snippet:-1, max-image-preview:large, max-video-preview:-1\" \/>\n<link rel=\"canonical\" href=\"https:\/\/www.kasparian-etancheite.com\/index.php\/politique-de-confidentialite\/\" \/>\n<meta property=\"og:locale\" content=\"fr_FR\" \/>\n<meta property=\"og:type\" content=\"article\" \/>\n<meta property=\"og:title\" content=\"Politique de confidentialit\u00e9 - Entreprise Kasparian\" \/>\n<meta property=\"og:description\" content=\"Qui sommes-nous&nbsp;? Entreprise Kasparian 167 B Rue de la Porte Jaune \u2013\u00a092 380 GARCHES\u00a0 T\u00e9l\u00e9phone : 01 46 45 61 91 L\u2019adresse de notre site Web est&nbsp;: https:\/\/kasparian-etancheite.com Informations l\u00e9gales Toutes les marques sont des marques d\u00e9pos\u00e9es appartenant \u00e0 leurs propri\u00e9taires respectifs. Les informations contenues dans ce site, (produits, descriptifs,\u2026) sont donn\u00e9es \u00e0 titre indicatif &hellip; Continuer la lecture de &laquo;&nbsp;Politique de confidentialit\u00e9&nbsp;&raquo;\" \/>\n<meta property=\"og:url\" content=\"https:\/\/www.kasparian-etancheite.com\/index.php\/politique-de-confidentialite\/\" \/>\n<meta property=\"og:site_name\" content=\"Entreprise Kasparian\" \/>\n<meta property=\"article:modified_time\" content=\"2025-02-14T08:52:40+00:00\" \/>\n<meta name=\"twitter:card\" content=\"summary_large_image\" \/>\n<meta name=\"twitter:label1\" content=\"Dur\u00e9e de lecture estim\u00e9e\" \/>\n\t<meta name=\"twitter:data1\" content=\"3 minutes\" \/>\n<script type=\"application\/ld+json\" class=\"yoast-schema-graph\">{\"@context\":\"https:\/\/schema.org\",\"@graph\":[{\"@type\":\"WebPage\",\"@id\":\"https:\/\/www.kasparian-etancheite.com\/index.php\/politique-de-confidentialite\/\",\"url\":\"https:\/\/www.kasparian-etancheite.com\/index.php\/politique-de-confidentialite\/\",\"name\":\"Politique de confidentialit\u00e9 - Entreprise Kasparian\",\"isPartOf\":{\"@id\":\"https:\/\/www.kasparian-etancheite.com\/#website\"},\"datePublished\":\"2020-02-06T16:44:14+00:00\",\"dateModified\":\"2025-02-14T08:52:40+00:00\",\"breadcrumb\":{\"@id\":\"https:\/\/www.kasparian-etancheite.com\/index.php\/politique-de-confidentialite\/#breadcrumb\"},\"inLanguage\":\"fr-FR\",\"potentialAction\":[{\"@type\":\"ReadAction\",\"target\":[\"https:\/\/www.kasparian-etancheite.com\/index.php\/politique-de-confidentialite\/\"]}]},{\"@type\":\"BreadcrumbList\",\"@id\":\"https:\/\/www.kasparian-etancheite.com\/index.php\/politique-de-confidentialite\/#breadcrumb\",\"itemListElement\":[{\"@type\":\"ListItem\",\"position\":1,\"name\":\"Accueil\",\"item\":\"https:\/\/www.kasparian-etancheite.com\/\"},{\"@type\":\"ListItem\",\"position\":2,\"name\":\"Politique de confidentialit\u00e9\"}]},{\"@type\":\"WebSite\",\"@id\":\"https:\/\/www.kasparian-etancheite.com\/#website\",\"url\":\"https:\/\/www.kasparian-etancheite.com\/\",\"name\":\"Entreprise Kasparian\",\"description\":\"Entreprise du b\u00e2timent sp\u00e9cialis\u00e9e dans l&#039;isolation, l&#039;\u00e9tanch\u00e9it\u00e9 et la couverture\",\"publisher\":{\"@id\":\"https:\/\/www.kasparian-etancheite.com\/#organization\"},\"potentialAction\":[{\"@type\":\"SearchAction\",\"target\":{\"@type\":\"EntryPoint\",\"urlTemplate\":\"https:\/\/www.kasparian-etancheite.com\/?s={search_term_string}\"},\"query-input\":{\"@type\":\"PropertyValueSpecification\",\"valueRequired\":true,\"valueName\":\"search_term_string\"}}],\"inLanguage\":\"fr-FR\"},{\"@type\":\"Organization\",\"@id\":\"https:\/\/www.kasparian-etancheite.com\/#organization\",\"name\":\"Entreprise Kasparian\",\"url\":\"https:\/\/www.kasparian-etancheite.com\/\",\"logo\":{\"@type\":\"ImageObject\",\"inLanguage\":\"fr-FR\",\"@id\":\"https:\/\/www.kasparian-etancheite.com\/#\/schema\/logo\/image\/\",\"url\":\"https:\/\/www.kasparian-etancheite.com\/wp-content\/uploads\/2025\/04\/cropped-Logo.jpg\",\"contentUrl\":\"https:\/\/www.kasparian-etancheite.com\/wp-content\/uploads\/2025\/04\/cropped-Logo.jpg\",\"width\":2014,\"height\":761,\"caption\":\"Entreprise Kasparian\"},\"image\":{\"@id\":\"https:\/\/www.kasparian-etancheite.com\/#\/schema\/logo\/image\/\"}}]}<\/script>\n<!-- \/ Yoast SEO plugin. -->","yoast_head_json":{"title":"Politique de confidentialit\u00e9 - Entreprise Kasparian","robots":{"index":"index","follow":"follow","max-snippet":"max-snippet:-1","max-image-preview":"max-image-preview:large","max-video-preview":"max-video-preview:-1"},"canonical":"https:\/\/www.kasparian-etancheite.com\/index.php\/politique-de-confidentialite\/","og_locale":"fr_FR","og_type":"article","og_title":"Politique de confidentialit\u00e9 - Entreprise Kasparian","og_description":"Qui sommes-nous&nbsp;? Entreprise Kasparian 167 B Rue de la Porte Jaune \u2013\u00a092 380 GARCHES\u00a0 T\u00e9l\u00e9phone : 01 46 45 61 91 L\u2019adresse de notre site Web est&nbsp;: https:\/\/kasparian-etancheite.com Informations l\u00e9gales Toutes les marques sont des marques d\u00e9pos\u00e9es appartenant \u00e0 leurs propri\u00e9taires respectifs. Les informations contenues dans ce site, (produits, descriptifs,\u2026) sont donn\u00e9es \u00e0 titre indicatif &hellip; Continuer la lecture de &laquo;&nbsp;Politique de confidentialit\u00e9&nbsp;&raquo;","og_url":"https:\/\/www.kasparian-etancheite.com\/index.php\/politique-de-confidentialite\/","og_site_name":"Entreprise Kasparian","article_modified_time":"2025-02-14T08:52:40+00:00","twitter_card":"summary_large_image","twitter_misc":{"Dur\u00e9e de lecture estim\u00e9e":"3 minutes"},"schema":{"@context":"https:\/\/schema.org","@graph":[{"@type":"WebPage","@id":"https:\/\/www.kasparian-etancheite.com\/index.php\/politique-de-confidentialite\/","url":"https:\/\/www.kasparian-etancheite.com\/index.php\/politique-de-confidentialite\/","name":"Politique de confidentialit\u00e9 - Entreprise Kasparian","isPartOf":{"@id":"https:\/\/www.kasparian-etancheite.com\/#website"},"datePublished":"2020-02-06T16:44:14+00:00","dateModified":"2025-02-14T08:52:40+00:00","breadcrumb":{"@id":"https:\/\/www.kasparian-etancheite.com\/index.php\/politique-de-confidentialite\/#breadcrumb"},"inLanguage":"fr-FR","potentialAction":[{"@type":"ReadAction","target":["https:\/\/www.kasparian-etancheite.com\/index.php\/politique-de-confidentialite\/"]}]},{"@type":"BreadcrumbList","@id":"https:\/\/www.kasparian-etancheite.com\/index.php\/politique-de-confidentialite\/#breadcrumb","itemListElement":[{"@type":"ListItem","position":1,"name":"Accueil","item":"https:\/\/www.kasparian-etancheite.com\/"},{"@type":"ListItem","position":2,"name":"Politique de confidentialit\u00e9"}]},{"@type":"WebSite","@id":"https:\/\/www.kasparian-etancheite.com\/#website","url":"https:\/\/www.kasparian-etancheite.com\/","name":"Entreprise Kasparian","description":"Entreprise du b\u00e2timent sp\u00e9cialis\u00e9e dans l&#039;isolation, l&#039;\u00e9tanch\u00e9it\u00e9 et la couverture","publisher":{"@id":"https:\/\/www.kasparian-etancheite.com\/#organization"},"potentialAction":[{"@type":"SearchAction","target":{"@type":"EntryPoint","urlTemplate":"https:\/\/www.kasparian-etancheite.com\/?s={search_term_string}"},"query-input":{"@type":"PropertyValueSpecification","valueRequired":true,"valueName":"search_term_string"}}],"inLanguage":"fr-FR"},{"@type":"Organization","@id":"https:\/\/www.kasparian-etancheite.com\/#organization","name":"Entreprise Kasparian","url":"https:\/\/www.kasparian-etancheite.com\/","logo":{"@type":"ImageObject","inLanguage":"fr-FR","@id":"https:\/\/www.kasparian-etancheite.com\/#\/schema\/logo\/image\/","url":"https:\/\/www.kasparian-etancheite.com\/wp-content\/uploads\/2025\/04\/cropped-Logo.jpg","contentUrl":"https:\/\/www.kasparian-etancheite.com\/wp-content\/uploads\/2025\/04\/cropped-Logo.jpg","width":2014,"height":761,"caption":"Entreprise Kasparian"},"image":{"@id":"https:\/\/www.kasparian-etancheite.com\/#\/schema\/logo\/image\/"}}]}},"_links":{"self":[{"href":"https:\/\/www.kasparian-etancheite.com\/index.php\/wp-json\/wp\/v2\/pages\/3","targetHints":{"allow":["GET"]}}],"collection":[{"href":"https:\/\/www.kasparian-etancheite.com\/index.php\/wp-json\/wp\/v2\/pages"}],"about":[{"href":"https:\/\/www.kasparian-etancheite.com\/index.php\/wp-json\/wp\/v2\/types\/page"}],"author":[{"embeddable":true,"href":"https:\/\/www.kasparian-etancheite.com\/index.php\/wp-json\/wp\/v2\/users\/4"}],"replies":[{"embeddable":true,"href":"https:\/\/www.kasparian-etancheite.com\/index.php\/wp-json\/wp\/v2\/comments?post=3"}],"version-history":[{"count":8,"href":"https:\/\/www.kasparian-etancheite.com\/index.php\/wp-json\/wp\/v2\/pages\/3\/revisions"}],"predecessor-version":[{"id":501,"href":"https:\/\/www.kasparian-etancheite.com\/index.php\/wp-json\/wp\/v2\/pages\/3\/revisions\/501"}],"wp:attachment":[{"href":"https:\/\/www.kasparian-etancheite.com\/index.php\/wp-json\/wp\/v2\/media?parent=3"}],"curies":[{"name":"wp","href":"https:\/\/api.w.org\/{rel}","templated":true}]}}