{"id":64,"date":"2020-02-13T16:46:43","date_gmt":"2020-02-13T15:46:43","guid":{"rendered":"http:\/\/kasparian-etancheite.com\/?page_id=64"},"modified":"2023-01-23T15:37:05","modified_gmt":"2023-01-23T14:37:05","slug":"nous-contacter","status":"publish","type":"page","link":"https:\/\/www.kasparian-etancheite.com\/index.php\/nous-contacter\/","title":{"rendered":"Nous contacter"},"content":{"rendered":"\n<p>Entreprise d&rsquo;\u00e9tanch\u00e9it\u00e9, de couverture et d&rsquo;isolation<\/p>\n\n\n\n<figure class=\"wp-block-image size-full\"><img loading=\"lazy\" decoding=\"async\" width=\"704\" height=\"528\" src=\"https:\/\/kasparian-etancheite.com\/wp-content\/uploads\/2023\/01\/kasparian-etancheite-toiture.jpg\" alt=\"kasparian \u00e9tanch\u00e9it\u00e9\" class=\"wp-image-364\" srcset=\"https:\/\/www.kasparian-etancheite.com\/wp-content\/uploads\/2023\/01\/kasparian-etancheite-toiture.jpg 704w, https:\/\/www.kasparian-etancheite.com\/wp-content\/uploads\/2023\/01\/kasparian-etancheite-toiture-300x225.jpg 300w\" sizes=\"auto, (max-width: 704px) 100vw, 704px\" \/><\/figure>\n\n\n\n<h2 class=\"wp-block-heading\">ENTREPRISE KASPARIAN<\/h2>\n\n\n\n<p>167 B Rue de la Porte Jaune \u201392 380 GARCHES<\/p>\n\n\n\n<p>T\u00e9l. 01 47 41 64 16<\/p>\n\n\n\n<p>contact@kasparian-etancheite.com<\/p>\n\n\n\n<p><\/p>\n","protected":false},"excerpt":{"rendered":"<p>Entreprise d&rsquo;\u00e9tanch\u00e9it\u00e9, de couverture et d&rsquo;isolation ENTREPRISE KASPARIAN 167 B Rue de la Porte Jaune \u201392 380 GARCHES T\u00e9l. 01 47 41 64 16 contact@kasparian-etancheite.com<\/p>\n","protected":false},"author":4,"featured_media":0,"parent":0,"menu_order":0,"comment_status":"closed","ping_status":"closed","template":"","meta":{"footnotes":""},"class_list":["post-64","page","type-page","status-publish","hentry"],"yoast_head":"<!-- This site is optimized with the Yoast SEO plugin v27.1.1 - https:\/\/yoast.com\/product\/yoast-seo-wordpress\/ -->\n<title>Nous contacter - Entreprise Kasparian<\/title>\n<meta name=\"robots\" content=\"index, follow, max-snippet:-1, max-image-preview:large, max-video-preview:-1\" \/>\n<link rel=\"canonical\" href=\"https:\/\/www.kasparian-etancheite.com\/index.php\/nous-contacter\/\" \/>\n<meta property=\"og:locale\" content=\"fr_FR\" \/>\n<meta property=\"og:type\" content=\"article\" \/>\n<meta property=\"og:title\" content=\"Nous contacter - Entreprise Kasparian\" \/>\n<meta property=\"og:description\" content=\"Entreprise d&rsquo;\u00e9tanch\u00e9it\u00e9, de couverture et d&rsquo;isolation ENTREPRISE KASPARIAN 167 B Rue de la Porte Jaune \u201392 380 GARCHES T\u00e9l. 01 47 41 64 16 contact@kasparian-etancheite.com\" \/>\n<meta property=\"og:url\" content=\"https:\/\/www.kasparian-etancheite.com\/index.php\/nous-contacter\/\" \/>\n<meta property=\"og:site_name\" content=\"Entreprise Kasparian\" \/>\n<meta property=\"article:modified_time\" content=\"2023-01-23T14:37:05+00:00\" \/>\n<meta property=\"og:image\" content=\"https:\/\/kasparian-etancheite.com\/wp-content\/uploads\/2023\/01\/kasparian-etancheite-toiture.jpg\" \/>\n<meta name=\"twitter:card\" content=\"summary_large_image\" \/>\n<meta name=\"twitter:label1\" content=\"Dur\u00e9e de lecture estim\u00e9e\" \/>\n\t<meta name=\"twitter:data1\" content=\"1 minute\" \/>\n<script type=\"application\/ld+json\" class=\"yoast-schema-graph\">{\"@context\":\"https:\/\/schema.org\",\"@graph\":[{\"@type\":\"WebPage\",\"@id\":\"https:\/\/www.kasparian-etancheite.com\/index.php\/nous-contacter\/\",\"url\":\"https:\/\/www.kasparian-etancheite.com\/index.php\/nous-contacter\/\",\"name\":\"Nous contacter - Entreprise Kasparian\",\"isPartOf\":{\"@id\":\"https:\/\/www.kasparian-etancheite.com\/#website\"},\"primaryImageOfPage\":{\"@id\":\"https:\/\/www.kasparian-etancheite.com\/index.php\/nous-contacter\/#primaryimage\"},\"image\":{\"@id\":\"https:\/\/www.kasparian-etancheite.com\/index.php\/nous-contacter\/#primaryimage\"},\"thumbnailUrl\":\"https:\/\/kasparian-etancheite.com\/wp-content\/uploads\/2023\/01\/kasparian-etancheite-toiture.jpg\",\"datePublished\":\"2020-02-13T15:46:43+00:00\",\"dateModified\":\"2023-01-23T14:37:05+00:00\",\"breadcrumb\":{\"@id\":\"https:\/\/www.kasparian-etancheite.com\/index.php\/nous-contacter\/#breadcrumb\"},\"inLanguage\":\"fr-FR\",\"potentialAction\":[{\"@type\":\"ReadAction\",\"target\":[\"https:\/\/www.kasparian-etancheite.com\/index.php\/nous-contacter\/\"]}]},{\"@type\":\"ImageObject\",\"inLanguage\":\"fr-FR\",\"@id\":\"https:\/\/www.kasparian-etancheite.com\/index.php\/nous-contacter\/#primaryimage\",\"url\":\"https:\/\/kasparian-etancheite.com\/wp-content\/uploads\/2023\/01\/kasparian-etancheite-toiture.jpg\",\"contentUrl\":\"https:\/\/kasparian-etancheite.com\/wp-content\/uploads\/2023\/01\/kasparian-etancheite-toiture.jpg\"},{\"@type\":\"BreadcrumbList\",\"@id\":\"https:\/\/www.kasparian-etancheite.com\/index.php\/nous-contacter\/#breadcrumb\",\"itemListElement\":[{\"@type\":\"ListItem\",\"position\":1,\"name\":\"Accueil\",\"item\":\"https:\/\/www.kasparian-etancheite.com\/\"},{\"@type\":\"ListItem\",\"position\":2,\"name\":\"Nous contacter\"}]},{\"@type\":\"WebSite\",\"@id\":\"https:\/\/www.kasparian-etancheite.com\/#website\",\"url\":\"https:\/\/www.kasparian-etancheite.com\/\",\"name\":\"Entreprise Kasparian\",\"description\":\"Entreprise du b\u00e2timent sp\u00e9cialis\u00e9e dans l&#039;isolation, l&#039;\u00e9tanch\u00e9it\u00e9 et la couverture\",\"publisher\":{\"@id\":\"https:\/\/www.kasparian-etancheite.com\/#organization\"},\"potentialAction\":[{\"@type\":\"SearchAction\",\"target\":{\"@type\":\"EntryPoint\",\"urlTemplate\":\"https:\/\/www.kasparian-etancheite.com\/?s={search_term_string}\"},\"query-input\":{\"@type\":\"PropertyValueSpecification\",\"valueRequired\":true,\"valueName\":\"search_term_string\"}}],\"inLanguage\":\"fr-FR\"},{\"@type\":\"Organization\",\"@id\":\"https:\/\/www.kasparian-etancheite.com\/#organization\",\"name\":\"Entreprise Kasparian\",\"url\":\"https:\/\/www.kasparian-etancheite.com\/\",\"logo\":{\"@type\":\"ImageObject\",\"inLanguage\":\"fr-FR\",\"@id\":\"https:\/\/www.kasparian-etancheite.com\/#\/schema\/logo\/image\/\",\"url\":\"https:\/\/www.kasparian-etancheite.com\/wp-content\/uploads\/2025\/04\/cropped-Logo.jpg\",\"contentUrl\":\"https:\/\/www.kasparian-etancheite.com\/wp-content\/uploads\/2025\/04\/cropped-Logo.jpg\",\"width\":2014,\"height\":761,\"caption\":\"Entreprise Kasparian\"},\"image\":{\"@id\":\"https:\/\/www.kasparian-etancheite.com\/#\/schema\/logo\/image\/\"}}]}<\/script>\n<!-- \/ Yoast SEO plugin. -->","yoast_head_json":{"title":"Nous contacter - Entreprise Kasparian","robots":{"index":"index","follow":"follow","max-snippet":"max-snippet:-1","max-image-preview":"max-image-preview:large","max-video-preview":"max-video-preview:-1"},"canonical":"https:\/\/www.kasparian-etancheite.com\/index.php\/nous-contacter\/","og_locale":"fr_FR","og_type":"article","og_title":"Nous contacter - Entreprise Kasparian","og_description":"Entreprise d&rsquo;\u00e9tanch\u00e9it\u00e9, de couverture et d&rsquo;isolation ENTREPRISE KASPARIAN 167 B Rue de la Porte Jaune \u201392 380 GARCHES T\u00e9l. 01 47 41 64 16 contact@kasparian-etancheite.com","og_url":"https:\/\/www.kasparian-etancheite.com\/index.php\/nous-contacter\/","og_site_name":"Entreprise Kasparian","article_modified_time":"2023-01-23T14:37:05+00:00","og_image":[{"url":"https:\/\/kasparian-etancheite.com\/wp-content\/uploads\/2023\/01\/kasparian-etancheite-toiture.jpg","type":"","width":"","height":""}],"twitter_card":"summary_large_image","twitter_misc":{"Dur\u00e9e de lecture estim\u00e9e":"1 minute"},"schema":{"@context":"https:\/\/schema.org","@graph":[{"@type":"WebPage","@id":"https:\/\/www.kasparian-etancheite.com\/index.php\/nous-contacter\/","url":"https:\/\/www.kasparian-etancheite.com\/index.php\/nous-contacter\/","name":"Nous contacter - Entreprise Kasparian","isPartOf":{"@id":"https:\/\/www.kasparian-etancheite.com\/#website"},"primaryImageOfPage":{"@id":"https:\/\/www.kasparian-etancheite.com\/index.php\/nous-contacter\/#primaryimage"},"image":{"@id":"https:\/\/www.kasparian-etancheite.com\/index.php\/nous-contacter\/#primaryimage"},"thumbnailUrl":"https:\/\/kasparian-etancheite.com\/wp-content\/uploads\/2023\/01\/kasparian-etancheite-toiture.jpg","datePublished":"2020-02-13T15:46:43+00:00","dateModified":"2023-01-23T14:37:05+00:00","breadcrumb":{"@id":"https:\/\/www.kasparian-etancheite.com\/index.php\/nous-contacter\/#breadcrumb"},"inLanguage":"fr-FR","potentialAction":[{"@type":"ReadAction","target":["https:\/\/www.kasparian-etancheite.com\/index.php\/nous-contacter\/"]}]},{"@type":"ImageObject","inLanguage":"fr-FR","@id":"https:\/\/www.kasparian-etancheite.com\/index.php\/nous-contacter\/#primaryimage","url":"https:\/\/kasparian-etancheite.com\/wp-content\/uploads\/2023\/01\/kasparian-etancheite-toiture.jpg","contentUrl":"https:\/\/kasparian-etancheite.com\/wp-content\/uploads\/2023\/01\/kasparian-etancheite-toiture.jpg"},{"@type":"BreadcrumbList","@id":"https:\/\/www.kasparian-etancheite.com\/index.php\/nous-contacter\/#breadcrumb","itemListElement":[{"@type":"ListItem","position":1,"name":"Accueil","item":"https:\/\/www.kasparian-etancheite.com\/"},{"@type":"ListItem","position":2,"name":"Nous contacter"}]},{"@type":"WebSite","@id":"https:\/\/www.kasparian-etancheite.com\/#website","url":"https:\/\/www.kasparian-etancheite.com\/","name":"Entreprise Kasparian","description":"Entreprise du b\u00e2timent sp\u00e9cialis\u00e9e dans l&#039;isolation, l&#039;\u00e9tanch\u00e9it\u00e9 et la couverture","publisher":{"@id":"https:\/\/www.kasparian-etancheite.com\/#organization"},"potentialAction":[{"@type":"SearchAction","target":{"@type":"EntryPoint","urlTemplate":"https:\/\/www.kasparian-etancheite.com\/?s={search_term_string}"},"query-input":{"@type":"PropertyValueSpecification","valueRequired":true,"valueName":"search_term_string"}}],"inLanguage":"fr-FR"},{"@type":"Organization","@id":"https:\/\/www.kasparian-etancheite.com\/#organization","name":"Entreprise Kasparian","url":"https:\/\/www.kasparian-etancheite.com\/","logo":{"@type":"ImageObject","inLanguage":"fr-FR","@id":"https:\/\/www.kasparian-etancheite.com\/#\/schema\/logo\/image\/","url":"https:\/\/www.kasparian-etancheite.com\/wp-content\/uploads\/2025\/04\/cropped-Logo.jpg","contentUrl":"https:\/\/www.kasparian-etancheite.com\/wp-content\/uploads\/2025\/04\/cropped-Logo.jpg","width":2014,"height":761,"caption":"Entreprise Kasparian"},"image":{"@id":"https:\/\/www.kasparian-etancheite.com\/#\/schema\/logo\/image\/"}}]}},"_links":{"self":[{"href":"https:\/\/www.kasparian-etancheite.com\/index.php\/wp-json\/wp\/v2\/pages\/64","targetHints":{"allow":["GET"]}}],"collection":[{"href":"https:\/\/www.kasparian-etancheite.com\/index.php\/wp-json\/wp\/v2\/pages"}],"about":[{"href":"https:\/\/www.kasparian-etancheite.com\/index.php\/wp-json\/wp\/v2\/types\/page"}],"author":[{"embeddable":true,"href":"https:\/\/www.kasparian-etancheite.com\/index.php\/wp-json\/wp\/v2\/users\/4"}],"replies":[{"embeddable":true,"href":"https:\/\/www.kasparian-etancheite.com\/index.php\/wp-json\/wp\/v2\/comments?post=64"}],"version-history":[{"count":7,"href":"https:\/\/www.kasparian-etancheite.com\/index.php\/wp-json\/wp\/v2\/pages\/64\/revisions"}],"predecessor-version":[{"id":365,"href":"https:\/\/www.kasparian-etancheite.com\/index.php\/wp-json\/wp\/v2\/pages\/64\/revisions\/365"}],"wp:attachment":[{"href":"https:\/\/www.kasparian-etancheite.com\/index.php\/wp-json\/wp\/v2\/media?parent=64"}],"curies":[{"name":"wp","href":"https:\/\/api.w.org\/{rel}","templated":true}]}}