{"id":81,"date":"2020-02-17T14:03:36","date_gmt":"2020-02-17T13:03:36","guid":{"rendered":"http:\/\/kasparian-etancheite.com\/?page_id=81"},"modified":"2025-02-10T11:32:09","modified_gmt":"2025-02-10T10:32:09","slug":"qui-sommes-nous","status":"publish","type":"page","link":"https:\/\/www.kasparian-etancheite.com\/index.php\/qui-sommes-nous\/","title":{"rendered":"Qui sommes nous ?"},"content":{"rendered":"\n<h2 class=\"wp-block-heading\">Notre histoire<\/h2>\n\n\n\n<p><img loading=\"lazy\" decoding=\"async\" width=\"105\" height=\"134\" class=\"wp-image-340\" style=\"width: 105px;\" src=\"https:\/\/kasparian-etancheite.com\/wp-content\/uploads\/2021\/09\/jean-kasparian.jpg\" alt=\"Jean KASPARIAN\"> L&rsquo;entreprise Kasparian a \u00e9t\u00e9 fond\u00e9e en\u00a0<strong>1975<\/strong>\u00a0 par Jean\u00a0<strong>KASPARIAN<\/strong>.<\/p>\n\n\n\n<h2 class=\"wp-block-heading\">LA MARQUE Kasparian<\/h2>\n\n\n\n<p>La marque Kasparian est synonyme de qualit\u00e9 et de service, elle nous aide \u00e0 \u00eatre reconnus comme une soci\u00e9t\u00e9 s\u00e9rieuse et professionnelle.<\/p>\n\n\n\n<p>Notre entreprise est en croissance depuis&nbsp;<strong>45 ans<\/strong>. Notre&nbsp;<strong>image<\/strong>&nbsp;et notre&nbsp;<strong>r\u00e9putation<\/strong>&nbsp;sont le r\u00e9sultat de plusieurs<strong> interventions<\/strong>&nbsp;r\u00e9alis\u00e9es depuis la cr\u00e9ation de la soci\u00e9t\u00e9. Cette image est vitale et f\u00e9d\u00e9ratrice. Nos tenues distinctives, contribuent \u00e0 notre renomm\u00e9e et notre image. Cette image a permis \u00e0 l&rsquo;entreprise Kasparian de devenir synonyme de&nbsp;<strong>qualit\u00e9<\/strong>&nbsp;et de&nbsp;<strong>confiance<\/strong>&nbsp;et d\u00e9finitivement une r\u00e9f\u00e9rence reconnue dans notre m\u00e9tier.<\/p>\n\n\n\n<h2 class=\"wp-block-heading\">SIEGE SOCIAL<\/h2>\n\n\n\n<p>Notre si\u00e8ge social, <a href=\"https:\/\/kasparian-etancheite.com\/index.php\/nous-contacter\/\">bas\u00e9 \u00e0 Garches<\/a>, \u00e0 proximit\u00e9 des principaux axes et du p\u00e9riph\u00e9rique parisien. <\/p>\n\n\n\n<h2 class=\"wp-block-heading\">SECTEUR D&rsquo;INTERVENTION<\/h2>\n\n\n\n<p>Gr\u00e2ce \u00e0 notre taille et notre efficacit\u00e9, nous poss\u00e9dons une r\u00e9activit\u00e9 unique et nous vous proposons un service de qualit\u00e9 sur toute l\u2019Ile-de-France.<\/p>\n\n\n\n<h2 class=\"wp-block-heading\">NOS CLIENTS<\/h2>\n\n\n\n<p>Kasparian est historiquement le partenaire incontournable de tr\u00e8s&nbsp;<strong>nombreux syndics de copropri\u00e9t\u00e9<\/strong>, avec pr\u00e8s de&nbsp;<strong>350 immeubles<\/strong>&nbsp;et&nbsp;<strong>7000 logements<\/strong>&nbsp;individuels en maintenance r\u00e9guli\u00e8re.<\/p>\n\n\n\n<p>L&rsquo;entreprise Kasparian intervient \u00e9galement pour le compte de&nbsp;<strong>grandes entreprises et d\u2019institutions de renom<\/strong>.<\/p>\n\n\n\n<h2 class=\"wp-block-heading\">EN CONTACT PERMANENT<\/h2>\n\n\n\n<p><strong>Nos lignes sont constamment v\u00e9rifi\u00e9es<\/strong>. Cela nous permet de g\u00e9rer facilement vos appels avec des fonctions de mise en attente, et de passage d\u2019appels \u00e0 un autre service, pour un processus simple et direct.<\/p>\n\n\n\n<p><strong>Nos t\u00e9l\u00e9phone portables<\/strong>&nbsp;: Nos responsables de travaux et managers sont en contact permanent avec nous gr\u00e2ce \u00e0 des smartphone fournis par la soci\u00e9t\u00e9. Nous pouvons sans difficult\u00e9 obtenir des r\u00e9ponses \u00e0 toute requ\u00eate qu\u2019un client pourrait avoir sur une intervention, et nos responsables de travaux peuvent appeler directement les clients pour confirmer avec eux les travaux.<\/p>\n\n\n\n<p><strong>Un syst\u00e8me de suivi de v\u00e9hicules<\/strong>&nbsp;: Chacun de nos v\u00e9hicules est \u00e9quip\u00e9 d&rsquo;un syst\u00e8me de suivi GPS. Cet \u00e9quipement utilise les signaux satellites pour transmettre l\u2019heure et le lieu du signal de nos camionnettes. Cet emplacement est ensuite affich\u00e9 sur un syst\u00e8me s\u00e9curis\u00e9 de plans\/cartes, dans nos bureaux \u00e0 Garches.<\/p>\n\n\n\n<h2 class=\"wp-block-heading\">ENTREPRISE CITOYENNE<\/h2>\n\n\n\n<p>L\u2019entreprise aide diff\u00e9rentes organisations caritatives. Nous croyons en la participation des entreprises \u00e0 la vie citoyenne et locale. C\u2019est pourquoi nous aidons le parrainage et la collecte de fonds n\u00e9cessaires \u00e0 soutenir de bonnes causes.<\/p>\n\n\n\n<h2 class=\"wp-block-heading\">LE SITE WEB DE L&rsquo;ENTREPRISE KASPARIAN<\/h2>\n\n\n\n<p>Notre site web refl\u00e8te notre qualit\u00e9 de service et notre volont\u00e9 de transparence. Nous gardons le site constamment mis \u00e0 jour avec les derni\u00e8res informations sur l&rsquo;entreprise Kasparian, nos prix, nos garanties, et tout ce dont&nbsp;vous avez besoin de savoir sur nous.<\/p>\n\n\n\n<p>Nous utilisons le site web pour interagir avec les clients et les tenir au courant des derni\u00e8res nouvelles de l&rsquo;entreprise.<\/p>\n","protected":false},"excerpt":{"rendered":"<p>Notre histoire L&rsquo;entreprise Kasparian a \u00e9t\u00e9 fond\u00e9e en\u00a01975\u00a0 par Jean\u00a0KASPARIAN. LA MARQUE Kasparian La marque Kasparian est synonyme de qualit\u00e9 et de service, elle nous aide \u00e0 \u00eatre reconnus comme une soci\u00e9t\u00e9 s\u00e9rieuse et professionnelle. Notre entreprise est en croissance depuis&nbsp;45 ans. Notre&nbsp;image&nbsp;et notre&nbsp;r\u00e9putation&nbsp;sont le r\u00e9sultat de plusieurs interventions&nbsp;r\u00e9alis\u00e9es depuis la cr\u00e9ation de la soci\u00e9t\u00e9. &hellip; <\/p>\n<p class=\"link-more\"><a href=\"https:\/\/www.kasparian-etancheite.com\/index.php\/qui-sommes-nous\/\" class=\"more-link\">Continuer la lecture<span class=\"screen-reader-text\"> de &laquo;&nbsp;Qui sommes nous ?&nbsp;&raquo;<\/span><\/a><\/p>\n","protected":false},"author":4,"featured_media":0,"parent":0,"menu_order":0,"comment_status":"closed","ping_status":"closed","template":"","meta":{"footnotes":""},"class_list":["post-81","page","type-page","status-publish","hentry"],"yoast_head":"<!-- This site is optimized with the Yoast SEO plugin v27.1.1 - https:\/\/yoast.com\/product\/yoast-seo-wordpress\/ -->\n<title>Qui sommes nous ? - Entreprise Kasparian<\/title>\n<meta name=\"description\" content=\"Entreprise du btp, sp\u00e9cialis\u00e9e dans l&#039;\u00e9tanch\u00e9it\u00e9 et la couverture des b\u00e2timents et maisons d&#039;habitation ainsi que dans la r\u00e9novation de l\u2019habitat\" \/>\n<meta name=\"robots\" content=\"index, follow, max-snippet:-1, max-image-preview:large, max-video-preview:-1\" \/>\n<link rel=\"canonical\" href=\"https:\/\/www.kasparian-etancheite.com\/index.php\/qui-sommes-nous\/\" \/>\n<meta property=\"og:locale\" content=\"fr_FR\" \/>\n<meta property=\"og:type\" content=\"article\" \/>\n<meta property=\"og:title\" content=\"Qui sommes nous ? - Entreprise Kasparian\" \/>\n<meta property=\"og:description\" content=\"Entreprise du btp, sp\u00e9cialis\u00e9e dans l&#039;\u00e9tanch\u00e9it\u00e9 et la couverture des b\u00e2timents et maisons d&#039;habitation ainsi que dans la r\u00e9novation de l\u2019habitat\" \/>\n<meta property=\"og:url\" content=\"https:\/\/www.kasparian-etancheite.com\/index.php\/qui-sommes-nous\/\" \/>\n<meta property=\"og:site_name\" content=\"Entreprise Kasparian\" \/>\n<meta property=\"article:modified_time\" content=\"2025-02-10T10:32:09+00:00\" \/>\n<meta property=\"og:image\" content=\"https:\/\/kasparian-etancheite.com\/wp-content\/uploads\/2021\/09\/jean-kasparian.jpg\" \/>\n<meta name=\"twitter:card\" content=\"summary_large_image\" \/>\n<meta name=\"twitter:label1\" content=\"Dur\u00e9e de lecture estim\u00e9e\" \/>\n\t<meta name=\"twitter:data1\" content=\"3 minutes\" \/>\n<script type=\"application\/ld+json\" class=\"yoast-schema-graph\">{\"@context\":\"https:\/\/schema.org\",\"@graph\":[{\"@type\":\"WebPage\",\"@id\":\"https:\/\/www.kasparian-etancheite.com\/index.php\/qui-sommes-nous\/\",\"url\":\"https:\/\/www.kasparian-etancheite.com\/index.php\/qui-sommes-nous\/\",\"name\":\"Qui sommes nous ? - Entreprise Kasparian\",\"isPartOf\":{\"@id\":\"https:\/\/www.kasparian-etancheite.com\/#website\"},\"primaryImageOfPage\":{\"@id\":\"https:\/\/www.kasparian-etancheite.com\/index.php\/qui-sommes-nous\/#primaryimage\"},\"image\":{\"@id\":\"https:\/\/www.kasparian-etancheite.com\/index.php\/qui-sommes-nous\/#primaryimage\"},\"thumbnailUrl\":\"https:\/\/kasparian-etancheite.com\/wp-content\/uploads\/2021\/09\/jean-kasparian.jpg\",\"datePublished\":\"2020-02-17T13:03:36+00:00\",\"dateModified\":\"2025-02-10T10:32:09+00:00\",\"description\":\"Entreprise du btp, sp\u00e9cialis\u00e9e dans l'\u00e9tanch\u00e9it\u00e9 et la couverture des b\u00e2timents et maisons d'habitation ainsi que dans la r\u00e9novation de l\u2019habitat\",\"breadcrumb\":{\"@id\":\"https:\/\/www.kasparian-etancheite.com\/index.php\/qui-sommes-nous\/#breadcrumb\"},\"inLanguage\":\"fr-FR\",\"potentialAction\":[{\"@type\":\"ReadAction\",\"target\":[\"https:\/\/www.kasparian-etancheite.com\/index.php\/qui-sommes-nous\/\"]}]},{\"@type\":\"ImageObject\",\"inLanguage\":\"fr-FR\",\"@id\":\"https:\/\/www.kasparian-etancheite.com\/index.php\/qui-sommes-nous\/#primaryimage\",\"url\":\"https:\/\/kasparian-etancheite.com\/wp-content\/uploads\/2021\/09\/jean-kasparian.jpg\",\"contentUrl\":\"https:\/\/kasparian-etancheite.com\/wp-content\/uploads\/2021\/09\/jean-kasparian.jpg\"},{\"@type\":\"BreadcrumbList\",\"@id\":\"https:\/\/www.kasparian-etancheite.com\/index.php\/qui-sommes-nous\/#breadcrumb\",\"itemListElement\":[{\"@type\":\"ListItem\",\"position\":1,\"name\":\"Accueil\",\"item\":\"https:\/\/www.kasparian-etancheite.com\/\"},{\"@type\":\"ListItem\",\"position\":2,\"name\":\"Qui sommes nous ?\"}]},{\"@type\":\"WebSite\",\"@id\":\"https:\/\/www.kasparian-etancheite.com\/#website\",\"url\":\"https:\/\/www.kasparian-etancheite.com\/\",\"name\":\"Entreprise Kasparian\",\"description\":\"Entreprise du b\u00e2timent sp\u00e9cialis\u00e9e dans l&#039;isolation, l&#039;\u00e9tanch\u00e9it\u00e9 et la couverture\",\"publisher\":{\"@id\":\"https:\/\/www.kasparian-etancheite.com\/#organization\"},\"potentialAction\":[{\"@type\":\"SearchAction\",\"target\":{\"@type\":\"EntryPoint\",\"urlTemplate\":\"https:\/\/www.kasparian-etancheite.com\/?s={search_term_string}\"},\"query-input\":{\"@type\":\"PropertyValueSpecification\",\"valueRequired\":true,\"valueName\":\"search_term_string\"}}],\"inLanguage\":\"fr-FR\"},{\"@type\":\"Organization\",\"@id\":\"https:\/\/www.kasparian-etancheite.com\/#organization\",\"name\":\"Entreprise Kasparian\",\"url\":\"https:\/\/www.kasparian-etancheite.com\/\",\"logo\":{\"@type\":\"ImageObject\",\"inLanguage\":\"fr-FR\",\"@id\":\"https:\/\/www.kasparian-etancheite.com\/#\/schema\/logo\/image\/\",\"url\":\"https:\/\/www.kasparian-etancheite.com\/wp-content\/uploads\/2025\/04\/cropped-Logo.jpg\",\"contentUrl\":\"https:\/\/www.kasparian-etancheite.com\/wp-content\/uploads\/2025\/04\/cropped-Logo.jpg\",\"width\":2014,\"height\":761,\"caption\":\"Entreprise Kasparian\"},\"image\":{\"@id\":\"https:\/\/www.kasparian-etancheite.com\/#\/schema\/logo\/image\/\"}}]}<\/script>\n<!-- \/ Yoast SEO plugin. -->","yoast_head_json":{"title":"Qui sommes nous ? - Entreprise Kasparian","description":"Entreprise du btp, sp\u00e9cialis\u00e9e dans l'\u00e9tanch\u00e9it\u00e9 et la couverture des b\u00e2timents et maisons d'habitation ainsi que dans la r\u00e9novation de l\u2019habitat","robots":{"index":"index","follow":"follow","max-snippet":"max-snippet:-1","max-image-preview":"max-image-preview:large","max-video-preview":"max-video-preview:-1"},"canonical":"https:\/\/www.kasparian-etancheite.com\/index.php\/qui-sommes-nous\/","og_locale":"fr_FR","og_type":"article","og_title":"Qui sommes nous ? - Entreprise Kasparian","og_description":"Entreprise du btp, sp\u00e9cialis\u00e9e dans l'\u00e9tanch\u00e9it\u00e9 et la couverture des b\u00e2timents et maisons d'habitation ainsi que dans la r\u00e9novation de l\u2019habitat","og_url":"https:\/\/www.kasparian-etancheite.com\/index.php\/qui-sommes-nous\/","og_site_name":"Entreprise Kasparian","article_modified_time":"2025-02-10T10:32:09+00:00","og_image":[{"url":"https:\/\/kasparian-etancheite.com\/wp-content\/uploads\/2021\/09\/jean-kasparian.jpg","type":"","width":"","height":""}],"twitter_card":"summary_large_image","twitter_misc":{"Dur\u00e9e de lecture estim\u00e9e":"3 minutes"},"schema":{"@context":"https:\/\/schema.org","@graph":[{"@type":"WebPage","@id":"https:\/\/www.kasparian-etancheite.com\/index.php\/qui-sommes-nous\/","url":"https:\/\/www.kasparian-etancheite.com\/index.php\/qui-sommes-nous\/","name":"Qui sommes nous ? - Entreprise Kasparian","isPartOf":{"@id":"https:\/\/www.kasparian-etancheite.com\/#website"},"primaryImageOfPage":{"@id":"https:\/\/www.kasparian-etancheite.com\/index.php\/qui-sommes-nous\/#primaryimage"},"image":{"@id":"https:\/\/www.kasparian-etancheite.com\/index.php\/qui-sommes-nous\/#primaryimage"},"thumbnailUrl":"https:\/\/kasparian-etancheite.com\/wp-content\/uploads\/2021\/09\/jean-kasparian.jpg","datePublished":"2020-02-17T13:03:36+00:00","dateModified":"2025-02-10T10:32:09+00:00","description":"Entreprise du btp, sp\u00e9cialis\u00e9e dans l'\u00e9tanch\u00e9it\u00e9 et la couverture des b\u00e2timents et maisons d'habitation ainsi que dans la r\u00e9novation de l\u2019habitat","breadcrumb":{"@id":"https:\/\/www.kasparian-etancheite.com\/index.php\/qui-sommes-nous\/#breadcrumb"},"inLanguage":"fr-FR","potentialAction":[{"@type":"ReadAction","target":["https:\/\/www.kasparian-etancheite.com\/index.php\/qui-sommes-nous\/"]}]},{"@type":"ImageObject","inLanguage":"fr-FR","@id":"https:\/\/www.kasparian-etancheite.com\/index.php\/qui-sommes-nous\/#primaryimage","url":"https:\/\/kasparian-etancheite.com\/wp-content\/uploads\/2021\/09\/jean-kasparian.jpg","contentUrl":"https:\/\/kasparian-etancheite.com\/wp-content\/uploads\/2021\/09\/jean-kasparian.jpg"},{"@type":"BreadcrumbList","@id":"https:\/\/www.kasparian-etancheite.com\/index.php\/qui-sommes-nous\/#breadcrumb","itemListElement":[{"@type":"ListItem","position":1,"name":"Accueil","item":"https:\/\/www.kasparian-etancheite.com\/"},{"@type":"ListItem","position":2,"name":"Qui sommes nous ?"}]},{"@type":"WebSite","@id":"https:\/\/www.kasparian-etancheite.com\/#website","url":"https:\/\/www.kasparian-etancheite.com\/","name":"Entreprise Kasparian","description":"Entreprise du b\u00e2timent sp\u00e9cialis\u00e9e dans l&#039;isolation, l&#039;\u00e9tanch\u00e9it\u00e9 et la couverture","publisher":{"@id":"https:\/\/www.kasparian-etancheite.com\/#organization"},"potentialAction":[{"@type":"SearchAction","target":{"@type":"EntryPoint","urlTemplate":"https:\/\/www.kasparian-etancheite.com\/?s={search_term_string}"},"query-input":{"@type":"PropertyValueSpecification","valueRequired":true,"valueName":"search_term_string"}}],"inLanguage":"fr-FR"},{"@type":"Organization","@id":"https:\/\/www.kasparian-etancheite.com\/#organization","name":"Entreprise Kasparian","url":"https:\/\/www.kasparian-etancheite.com\/","logo":{"@type":"ImageObject","inLanguage":"fr-FR","@id":"https:\/\/www.kasparian-etancheite.com\/#\/schema\/logo\/image\/","url":"https:\/\/www.kasparian-etancheite.com\/wp-content\/uploads\/2025\/04\/cropped-Logo.jpg","contentUrl":"https:\/\/www.kasparian-etancheite.com\/wp-content\/uploads\/2025\/04\/cropped-Logo.jpg","width":2014,"height":761,"caption":"Entreprise Kasparian"},"image":{"@id":"https:\/\/www.kasparian-etancheite.com\/#\/schema\/logo\/image\/"}}]}},"_links":{"self":[{"href":"https:\/\/www.kasparian-etancheite.com\/index.php\/wp-json\/wp\/v2\/pages\/81","targetHints":{"allow":["GET"]}}],"collection":[{"href":"https:\/\/www.kasparian-etancheite.com\/index.php\/wp-json\/wp\/v2\/pages"}],"about":[{"href":"https:\/\/www.kasparian-etancheite.com\/index.php\/wp-json\/wp\/v2\/types\/page"}],"author":[{"embeddable":true,"href":"https:\/\/www.kasparian-etancheite.com\/index.php\/wp-json\/wp\/v2\/users\/4"}],"replies":[{"embeddable":true,"href":"https:\/\/www.kasparian-etancheite.com\/index.php\/wp-json\/wp\/v2\/comments?post=81"}],"version-history":[{"count":9,"href":"https:\/\/www.kasparian-etancheite.com\/index.php\/wp-json\/wp\/v2\/pages\/81\/revisions"}],"predecessor-version":[{"id":497,"href":"https:\/\/www.kasparian-etancheite.com\/index.php\/wp-json\/wp\/v2\/pages\/81\/revisions\/497"}],"wp:attachment":[{"href":"https:\/\/www.kasparian-etancheite.com\/index.php\/wp-json\/wp\/v2\/media?parent=81"}],"curies":[{"name":"wp","href":"https:\/\/api.w.org\/{rel}","templated":true}]}}