{"id":85,"date":"2020-02-17T14:16:18","date_gmt":"2020-02-17T13:16:18","guid":{"rendered":"http:\/\/kasparian-etancheite.com\/?page_id=85"},"modified":"2025-02-10T16:31:18","modified_gmt":"2025-02-10T15:31:18","slug":"entreprise-kasparian","status":"publish","type":"page","link":"https:\/\/www.kasparian-etancheite.com\/","title":{"rendered":"Entreprise Kasparian \u00e9tanch\u00e9it\u00e9 et couverture"},"content":{"rendered":"\n<div class=\"wp-block-media-text alignwide has-media-on-the-right is-stacked-on-mobile\"><figure class=\"wp-block-media-text__media\"><img loading=\"lazy\" decoding=\"async\" width=\"704\" height=\"528\" src=\"https:\/\/kasparian-etancheite.com\/wp-content\/uploads\/2023\/01\/kasparian-etancheite-toiture.jpg\" alt=\"kasparian-\u00e9tanch\u00e9it\u00e9 depuis 1975\" class=\"wp-image-364 size-full\" srcset=\"https:\/\/www.kasparian-etancheite.com\/wp-content\/uploads\/2023\/01\/kasparian-etancheite-toiture.jpg 704w, https:\/\/www.kasparian-etancheite.com\/wp-content\/uploads\/2023\/01\/kasparian-etancheite-toiture-300x225.jpg 300w\" sizes=\"auto, (max-width: 704px) 100vw, 704px\" \/><\/figure><div class=\"wp-block-media-text__content\">\n<h3 class=\"wp-block-heading\">Fond\u00e9e en 1975, l&rsquo;entreprise Kasparian est historiquement le partenaire incontournable de nombreux syndics de copropri\u00e9t\u00e9 pour la r\u00e9novation des toitures et de l&rsquo;\u00e9tanch\u00e9it\u00e9 des b\u00e2timents. <\/h3>\n\n\n\n<p><\/p>\n<\/div><\/div>\n\n\n\n<p>La soci\u00e9t\u00e9 Kasparian, dont les activit\u00e9s principales sont des travaux de b\u00e2timents, a pour vocation \u00e0 r\u00e9pondre \u00e0 tous vos <a href=\"https:\/\/kasparian-etancheite.com\/index.php\/nos-services\/\">besoins en mati\u00e8re<\/a> :&nbsp;<\/p>\n\n\n\n<div class=\"wp-block-columns is-layout-flex wp-container-core-columns-is-layout-9d6595d7 wp-block-columns-is-layout-flex\">\n<div class=\"wp-block-column is-vertically-aligned-center is-layout-flow wp-block-column-is-layout-flow\" style=\"flex-basis:50%\">\n<figure class=\"wp-block-gallery has-nested-images columns-3 is-cropped wp-block-gallery-1 is-layout-flex wp-block-gallery-is-layout-flex\">\n<figure class=\"wp-block-image size-medium\"><img loading=\"lazy\" decoding=\"async\" width=\"300\" height=\"180\" data-id=\"368\" src=\"https:\/\/kasparian-etancheite.com\/wp-content\/uploads\/2023\/01\/cropped-11b-300x180.jpg\" alt=\"\" class=\"wp-image-368\" srcset=\"https:\/\/www.kasparian-etancheite.com\/wp-content\/uploads\/2023\/01\/cropped-11b-300x180.jpg 300w, https:\/\/www.kasparian-etancheite.com\/wp-content\/uploads\/2023\/01\/cropped-11b-1024x614.jpg 1024w, https:\/\/www.kasparian-etancheite.com\/wp-content\/uploads\/2023\/01\/cropped-11b-768x461.jpg 768w, https:\/\/www.kasparian-etancheite.com\/wp-content\/uploads\/2023\/01\/cropped-11b-1536x922.jpg 1536w, https:\/\/www.kasparian-etancheite.com\/wp-content\/uploads\/2023\/01\/cropped-11b.jpg 2000w\" sizes=\"auto, (max-width: 300px) 100vw, 300px\" \/><\/figure>\n\n\n\n<figure class=\"wp-block-image size-medium\"><img loading=\"lazy\" decoding=\"async\" width=\"300\" height=\"167\" data-id=\"372\" src=\"https:\/\/kasparian-etancheite.com\/wp-content\/uploads\/2023\/01\/kasparian-etancheite-toiture-zinguerie-300x167.jpg\" alt=\"toiture zinguerie\" class=\"wp-image-372\" srcset=\"https:\/\/www.kasparian-etancheite.com\/wp-content\/uploads\/2023\/01\/kasparian-etancheite-toiture-zinguerie-300x167.jpg 300w, https:\/\/www.kasparian-etancheite.com\/wp-content\/uploads\/2023\/01\/kasparian-etancheite-toiture-zinguerie-768x428.jpg 768w, https:\/\/www.kasparian-etancheite.com\/wp-content\/uploads\/2023\/01\/kasparian-etancheite-toiture-zinguerie.jpg 816w\" sizes=\"auto, (max-width: 300px) 100vw, 300px\" \/><\/figure>\n\n\n\n<figure class=\"wp-block-image size-full\"><img loading=\"lazy\" decoding=\"async\" width=\"640\" height=\"480\" data-id=\"471\" src=\"https:\/\/kasparian-etancheite.com\/wp-content\/uploads\/2023\/12\/kasparian-etancheite-goutiere.jpg\" alt=\"kasparian-etancheite-goutiere\" class=\"wp-image-471\" srcset=\"https:\/\/www.kasparian-etancheite.com\/wp-content\/uploads\/2023\/12\/kasparian-etancheite-goutiere.jpg 640w, https:\/\/www.kasparian-etancheite.com\/wp-content\/uploads\/2023\/12\/kasparian-etancheite-goutiere-300x225.jpg 300w\" sizes=\"auto, (max-width: 640px) 100vw, 640px\" \/><\/figure>\n<figcaption class=\"blocks-gallery-caption\">r\u00e9fection de l&rsquo;\u00e9tanch\u00e9it\u00e9 et de l&rsquo;isolation thermique de terrasses<\/figcaption><\/figure>\n<\/div>\n\n\n\n<div class=\"wp-block-column is-layout-flow wp-block-column-is-layout-flow\" style=\"flex-basis:50%\">\n<ul class=\"wp-block-list\"><li>d&rsquo;\u00e9tanch\u00e9it\u00e9 :  des toitures terrasses, balcons et planchers&#8230;, <\/li><li>de couverture,  r\u00e9habilitation de toiture compl\u00e8te &#8211; Zinguerie&#8230;,  <\/li><li>ainsi que dans la r\u00e9novation de l&rsquo;habitat. <\/li><\/ul>\n<\/div>\n<\/div>\n\n\n\n<p>Afin de satisfaire vos attentes, nos responsables de chantier et nos compagnons ont tous \u00e9t\u00e9 s\u00e9lectionn\u00e9s pour leur haut degr\u00e9 de comp\u00e9tence et d\u2019exigence. <\/p>\n\n\n\n<p>Par exemple, Le Plaza Ath\u00e9n\u00e9e a mandat\u00e9 la soci\u00e9t\u00e9 Kasparian pour la r\u00e9fection de l\u2019\u00e9tanch\u00e9it\u00e9 de l\u2019ensemble des salles de bains des chambres de l\u2019H\u00f4tel.<\/p>\n\n\n<div class=\"wp-block-image\">\n<figure class=\"aligncenter size-large\"><img loading=\"lazy\" decoding=\"async\" width=\"1024\" height=\"404\" src=\"https:\/\/kasparian-etancheite.com\/wp-content\/uploads\/2023\/12\/Plaza_Athenee-etancheite-salle-de-bain_kasparian-1024x404.jpg\" alt=\"salles de bains des chambres de l\u2019H\u00f4tel Le Plaza Ath\u00e9n\u00e9e\" class=\"wp-image-460\" srcset=\"https:\/\/www.kasparian-etancheite.com\/wp-content\/uploads\/2023\/12\/Plaza_Athenee-etancheite-salle-de-bain_kasparian-1024x404.jpg 1024w, https:\/\/www.kasparian-etancheite.com\/wp-content\/uploads\/2023\/12\/Plaza_Athenee-etancheite-salle-de-bain_kasparian-300x118.jpg 300w, https:\/\/www.kasparian-etancheite.com\/wp-content\/uploads\/2023\/12\/Plaza_Athenee-etancheite-salle-de-bain_kasparian-768x303.jpg 768w, https:\/\/www.kasparian-etancheite.com\/wp-content\/uploads\/2023\/12\/Plaza_Athenee-etancheite-salle-de-bain_kasparian-1536x606.jpg 1536w, https:\/\/www.kasparian-etancheite.com\/wp-content\/uploads\/2023\/12\/Plaza_Athenee-etancheite-salle-de-bain_kasparian.jpg 1992w\" sizes=\"auto, (max-width: 767px) 89vw, (max-width: 1000px) 54vw, (max-width: 1071px) 543px, 580px\" \/><\/figure>\n<\/div>\n\n\n<p>R\u00e9put\u00e9e dans la profession pour son approche technique et rigoureuse des dossiers, l\u2019entreprise KASPARIAN a toujours eu un niveau d\u2019exigence \u00e9lev\u00e9 sur la qualit\u00e9 de conduite des chantiers, garant de la satisfaction des clients et de la r\u00e9ussite de l\u2019entreprise.<br><\/p>\n\n\n<div class=\"wp-block-image\">\n<figure class=\"aligncenter size-large is-resized\"><img loading=\"lazy\" decoding=\"async\" src=\"https:\/\/kasparian-etancheite.com\/wp-content\/uploads\/2020\/02\/the-city-paris-france-clouds-rooftops-1024x576.jpg\" alt=\"Entreprise Kasparian fond\u00e9e en 1975\" class=\"wp-image-25\" width=\"1024\" height=\"576\" srcset=\"https:\/\/www.kasparian-etancheite.com\/wp-content\/uploads\/2020\/02\/the-city-paris-france-clouds-rooftops-1024x576.jpg 1024w, https:\/\/www.kasparian-etancheite.com\/wp-content\/uploads\/2020\/02\/the-city-paris-france-clouds-rooftops-300x169.jpg 300w, https:\/\/www.kasparian-etancheite.com\/wp-content\/uploads\/2020\/02\/the-city-paris-france-clouds-rooftops-768x432.jpg 768w, https:\/\/www.kasparian-etancheite.com\/wp-content\/uploads\/2020\/02\/the-city-paris-france-clouds-rooftops.jpg 1920w\" sizes=\"auto, (max-width: 767px) 89vw, (max-width: 1000px) 54vw, (max-width: 1071px) 543px, 580px\" \/><\/figure>\n<\/div>","protected":false},"excerpt":{"rendered":"<p>Fond\u00e9e en 1975, l&rsquo;entreprise Kasparian est historiquement le partenaire incontournable de nombreux syndics de copropri\u00e9t\u00e9 pour la r\u00e9novation des toitures et de l&rsquo;\u00e9tanch\u00e9it\u00e9 des b\u00e2timents. La soci\u00e9t\u00e9 Kasparian, dont les activit\u00e9s principales sont des travaux de b\u00e2timents, a pour vocation \u00e0 r\u00e9pondre \u00e0 tous vos besoins en mati\u00e8re :&nbsp; d&rsquo;\u00e9tanch\u00e9it\u00e9 : des toitures terrasses, balcons &hellip; <\/p>\n<p class=\"link-more\"><a href=\"https:\/\/www.kasparian-etancheite.com\/\" class=\"more-link\">Continuer la lecture<span class=\"screen-reader-text\"> de &laquo;&nbsp;Entreprise Kasparian \u00e9tanch\u00e9it\u00e9 et couverture&nbsp;&raquo;<\/span><\/a><\/p>\n","protected":false},"author":4,"featured_media":0,"parent":0,"menu_order":0,"comment_status":"closed","ping_status":"closed","template":"bt-no-sidebar-boxed.php","meta":{"footnotes":""},"class_list":["post-85","page","type-page","status-publish","hentry"],"yoast_head":"<!-- This site is optimized with the Yoast SEO plugin v27.1.1 - https:\/\/yoast.com\/product\/yoast-seo-wordpress\/ -->\n<title>Kasparian : r\u00e9novation \u2013 \u00e9tanch\u00e9it\u00e9 \u2013 couverture - Entreprise Kasparian<\/title>\n<meta name=\"description\" content=\"L&#039;entreprise Kasparian, soci\u00e9t\u00e9 du secteur du b\u00e2timent cr\u00e9\u00e9e en 1975, est sp\u00e9cialis\u00e9e dans les travaux d&#039;\u00e9tanch\u00e9it\u00e9, de la couverture et de la r\u00e9novation.\" \/>\n<meta name=\"robots\" content=\"index, follow, max-snippet:-1, max-image-preview:large, max-video-preview:-1\" \/>\n<link rel=\"canonical\" href=\"https:\/\/www.kasparian-etancheite.com\/\" \/>\n<meta property=\"og:locale\" content=\"fr_FR\" \/>\n<meta property=\"og:type\" content=\"article\" \/>\n<meta property=\"og:title\" content=\"Kasparian : r\u00e9novation \u2013 \u00e9tanch\u00e9it\u00e9 \u2013 couverture - Entreprise Kasparian\" \/>\n<meta property=\"og:description\" content=\"L&#039;entreprise Kasparian, soci\u00e9t\u00e9 du secteur du b\u00e2timent cr\u00e9\u00e9e en 1975, est sp\u00e9cialis\u00e9e dans les travaux d&#039;\u00e9tanch\u00e9it\u00e9, de la couverture et de la r\u00e9novation.\" \/>\n<meta property=\"og:url\" content=\"https:\/\/www.kasparian-etancheite.com\/\" \/>\n<meta property=\"og:site_name\" content=\"Entreprise Kasparian\" \/>\n<meta property=\"article:modified_time\" content=\"2025-02-10T15:31:18+00:00\" \/>\n<meta property=\"og:image\" content=\"https:\/\/kasparian-etancheite.com\/wp-content\/uploads\/2023\/01\/kasparian-etancheite-toiture.jpg\" \/>\n<meta name=\"twitter:card\" content=\"summary_large_image\" \/>\n<meta name=\"twitter:label1\" content=\"Dur\u00e9e de lecture estim\u00e9e\" \/>\n\t<meta name=\"twitter:data1\" content=\"3 minutes\" \/>\n<script type=\"application\/ld+json\" class=\"yoast-schema-graph\">{\"@context\":\"https:\/\/schema.org\",\"@graph\":[{\"@type\":\"WebPage\",\"@id\":\"https:\/\/www.kasparian-etancheite.com\/\",\"url\":\"https:\/\/www.kasparian-etancheite.com\/\",\"name\":\"Kasparian : r\u00e9novation \u2013 \u00e9tanch\u00e9it\u00e9 \u2013 couverture - Entreprise Kasparian\",\"isPartOf\":{\"@id\":\"https:\/\/www.kasparian-etancheite.com\/#website\"},\"primaryImageOfPage\":{\"@id\":\"https:\/\/www.kasparian-etancheite.com\/#primaryimage\"},\"image\":{\"@id\":\"https:\/\/www.kasparian-etancheite.com\/#primaryimage\"},\"thumbnailUrl\":\"https:\/\/kasparian-etancheite.com\/wp-content\/uploads\/2023\/01\/kasparian-etancheite-toiture.jpg\",\"datePublished\":\"2020-02-17T13:16:18+00:00\",\"dateModified\":\"2025-02-10T15:31:18+00:00\",\"description\":\"L'entreprise Kasparian, soci\u00e9t\u00e9 du secteur du b\u00e2timent cr\u00e9\u00e9e en 1975, est sp\u00e9cialis\u00e9e dans les travaux d'\u00e9tanch\u00e9it\u00e9, de la couverture et de la r\u00e9novation.\",\"breadcrumb\":{\"@id\":\"https:\/\/www.kasparian-etancheite.com\/#breadcrumb\"},\"inLanguage\":\"fr-FR\",\"potentialAction\":[{\"@type\":\"ReadAction\",\"target\":[\"https:\/\/www.kasparian-etancheite.com\/\"]}]},{\"@type\":\"ImageObject\",\"inLanguage\":\"fr-FR\",\"@id\":\"https:\/\/www.kasparian-etancheite.com\/#primaryimage\",\"url\":\"https:\/\/kasparian-etancheite.com\/wp-content\/uploads\/2023\/01\/kasparian-etancheite-toiture.jpg\",\"contentUrl\":\"https:\/\/kasparian-etancheite.com\/wp-content\/uploads\/2023\/01\/kasparian-etancheite-toiture.jpg\"},{\"@type\":\"BreadcrumbList\",\"@id\":\"https:\/\/www.kasparian-etancheite.com\/#breadcrumb\",\"itemListElement\":[{\"@type\":\"ListItem\",\"position\":1,\"name\":\"Accueil\",\"item\":\"https:\/\/www.kasparian-etancheite.com\/\"},{\"@type\":\"ListItem\",\"position\":2,\"name\":\"Entreprise Kasparian \u00e9tanch\u00e9it\u00e9 et couverture\"}]},{\"@type\":\"WebSite\",\"@id\":\"https:\/\/www.kasparian-etancheite.com\/#website\",\"url\":\"https:\/\/www.kasparian-etancheite.com\/\",\"name\":\"Entreprise Kasparian\",\"description\":\"Entreprise du b\u00e2timent sp\u00e9cialis\u00e9e dans l&#039;isolation, l&#039;\u00e9tanch\u00e9it\u00e9 et la couverture\",\"publisher\":{\"@id\":\"https:\/\/www.kasparian-etancheite.com\/#organization\"},\"potentialAction\":[{\"@type\":\"SearchAction\",\"target\":{\"@type\":\"EntryPoint\",\"urlTemplate\":\"https:\/\/www.kasparian-etancheite.com\/?s={search_term_string}\"},\"query-input\":{\"@type\":\"PropertyValueSpecification\",\"valueRequired\":true,\"valueName\":\"search_term_string\"}}],\"inLanguage\":\"fr-FR\"},{\"@type\":\"Organization\",\"@id\":\"https:\/\/www.kasparian-etancheite.com\/#organization\",\"name\":\"Entreprise Kasparian\",\"url\":\"https:\/\/www.kasparian-etancheite.com\/\",\"logo\":{\"@type\":\"ImageObject\",\"inLanguage\":\"fr-FR\",\"@id\":\"https:\/\/www.kasparian-etancheite.com\/#\/schema\/logo\/image\/\",\"url\":\"https:\/\/www.kasparian-etancheite.com\/wp-content\/uploads\/2025\/04\/cropped-Logo.jpg\",\"contentUrl\":\"https:\/\/www.kasparian-etancheite.com\/wp-content\/uploads\/2025\/04\/cropped-Logo.jpg\",\"width\":2014,\"height\":761,\"caption\":\"Entreprise Kasparian\"},\"image\":{\"@id\":\"https:\/\/www.kasparian-etancheite.com\/#\/schema\/logo\/image\/\"}}]}<\/script>\n<!-- \/ Yoast SEO plugin. -->","yoast_head_json":{"title":"Kasparian : r\u00e9novation \u2013 \u00e9tanch\u00e9it\u00e9 \u2013 couverture - Entreprise Kasparian","description":"L'entreprise Kasparian, soci\u00e9t\u00e9 du secteur du b\u00e2timent cr\u00e9\u00e9e en 1975, est sp\u00e9cialis\u00e9e dans les travaux d'\u00e9tanch\u00e9it\u00e9, de la couverture et de la r\u00e9novation.","robots":{"index":"index","follow":"follow","max-snippet":"max-snippet:-1","max-image-preview":"max-image-preview:large","max-video-preview":"max-video-preview:-1"},"canonical":"https:\/\/www.kasparian-etancheite.com\/","og_locale":"fr_FR","og_type":"article","og_title":"Kasparian : r\u00e9novation \u2013 \u00e9tanch\u00e9it\u00e9 \u2013 couverture - Entreprise Kasparian","og_description":"L'entreprise Kasparian, soci\u00e9t\u00e9 du secteur du b\u00e2timent cr\u00e9\u00e9e en 1975, est sp\u00e9cialis\u00e9e dans les travaux d'\u00e9tanch\u00e9it\u00e9, de la couverture et de la r\u00e9novation.","og_url":"https:\/\/www.kasparian-etancheite.com\/","og_site_name":"Entreprise Kasparian","article_modified_time":"2025-02-10T15:31:18+00:00","og_image":[{"url":"https:\/\/kasparian-etancheite.com\/wp-content\/uploads\/2023\/01\/kasparian-etancheite-toiture.jpg","type":"","width":"","height":""}],"twitter_card":"summary_large_image","twitter_misc":{"Dur\u00e9e de lecture estim\u00e9e":"3 minutes"},"schema":{"@context":"https:\/\/schema.org","@graph":[{"@type":"WebPage","@id":"https:\/\/www.kasparian-etancheite.com\/","url":"https:\/\/www.kasparian-etancheite.com\/","name":"Kasparian : r\u00e9novation \u2013 \u00e9tanch\u00e9it\u00e9 \u2013 couverture - Entreprise Kasparian","isPartOf":{"@id":"https:\/\/www.kasparian-etancheite.com\/#website"},"primaryImageOfPage":{"@id":"https:\/\/www.kasparian-etancheite.com\/#primaryimage"},"image":{"@id":"https:\/\/www.kasparian-etancheite.com\/#primaryimage"},"thumbnailUrl":"https:\/\/kasparian-etancheite.com\/wp-content\/uploads\/2023\/01\/kasparian-etancheite-toiture.jpg","datePublished":"2020-02-17T13:16:18+00:00","dateModified":"2025-02-10T15:31:18+00:00","description":"L'entreprise Kasparian, soci\u00e9t\u00e9 du secteur du b\u00e2timent cr\u00e9\u00e9e en 1975, est sp\u00e9cialis\u00e9e dans les travaux d'\u00e9tanch\u00e9it\u00e9, de la couverture et de la r\u00e9novation.","breadcrumb":{"@id":"https:\/\/www.kasparian-etancheite.com\/#breadcrumb"},"inLanguage":"fr-FR","potentialAction":[{"@type":"ReadAction","target":["https:\/\/www.kasparian-etancheite.com\/"]}]},{"@type":"ImageObject","inLanguage":"fr-FR","@id":"https:\/\/www.kasparian-etancheite.com\/#primaryimage","url":"https:\/\/kasparian-etancheite.com\/wp-content\/uploads\/2023\/01\/kasparian-etancheite-toiture.jpg","contentUrl":"https:\/\/kasparian-etancheite.com\/wp-content\/uploads\/2023\/01\/kasparian-etancheite-toiture.jpg"},{"@type":"BreadcrumbList","@id":"https:\/\/www.kasparian-etancheite.com\/#breadcrumb","itemListElement":[{"@type":"ListItem","position":1,"name":"Accueil","item":"https:\/\/www.kasparian-etancheite.com\/"},{"@type":"ListItem","position":2,"name":"Entreprise Kasparian \u00e9tanch\u00e9it\u00e9 et couverture"}]},{"@type":"WebSite","@id":"https:\/\/www.kasparian-etancheite.com\/#website","url":"https:\/\/www.kasparian-etancheite.com\/","name":"Entreprise Kasparian","description":"Entreprise du b\u00e2timent sp\u00e9cialis\u00e9e dans l&#039;isolation, l&#039;\u00e9tanch\u00e9it\u00e9 et la couverture","publisher":{"@id":"https:\/\/www.kasparian-etancheite.com\/#organization"},"potentialAction":[{"@type":"SearchAction","target":{"@type":"EntryPoint","urlTemplate":"https:\/\/www.kasparian-etancheite.com\/?s={search_term_string}"},"query-input":{"@type":"PropertyValueSpecification","valueRequired":true,"valueName":"search_term_string"}}],"inLanguage":"fr-FR"},{"@type":"Organization","@id":"https:\/\/www.kasparian-etancheite.com\/#organization","name":"Entreprise Kasparian","url":"https:\/\/www.kasparian-etancheite.com\/","logo":{"@type":"ImageObject","inLanguage":"fr-FR","@id":"https:\/\/www.kasparian-etancheite.com\/#\/schema\/logo\/image\/","url":"https:\/\/www.kasparian-etancheite.com\/wp-content\/uploads\/2025\/04\/cropped-Logo.jpg","contentUrl":"https:\/\/www.kasparian-etancheite.com\/wp-content\/uploads\/2025\/04\/cropped-Logo.jpg","width":2014,"height":761,"caption":"Entreprise Kasparian"},"image":{"@id":"https:\/\/www.kasparian-etancheite.com\/#\/schema\/logo\/image\/"}}]}},"_links":{"self":[{"href":"https:\/\/www.kasparian-etancheite.com\/index.php\/wp-json\/wp\/v2\/pages\/85","targetHints":{"allow":["GET"]}}],"collection":[{"href":"https:\/\/www.kasparian-etancheite.com\/index.php\/wp-json\/wp\/v2\/pages"}],"about":[{"href":"https:\/\/www.kasparian-etancheite.com\/index.php\/wp-json\/wp\/v2\/types\/page"}],"author":[{"embeddable":true,"href":"https:\/\/www.kasparian-etancheite.com\/index.php\/wp-json\/wp\/v2\/users\/4"}],"replies":[{"embeddable":true,"href":"https:\/\/www.kasparian-etancheite.com\/index.php\/wp-json\/wp\/v2\/comments?post=85"}],"version-history":[{"count":42,"href":"https:\/\/www.kasparian-etancheite.com\/index.php\/wp-json\/wp\/v2\/pages\/85\/revisions"}],"predecessor-version":[{"id":498,"href":"https:\/\/www.kasparian-etancheite.com\/index.php\/wp-json\/wp\/v2\/pages\/85\/revisions\/498"}],"wp:attachment":[{"href":"https:\/\/www.kasparian-etancheite.com\/index.php\/wp-json\/wp\/v2\/media?parent=85"}],"curies":[{"name":"wp","href":"https:\/\/api.w.org\/{rel}","templated":true}]}}