{"id":92,"date":"2020-02-17T14:46:37","date_gmt":"2020-02-17T13:46:37","guid":{"rendered":"http:\/\/kasparian-etancheite.com\/?page_id=92"},"modified":"2020-02-17T15:59:26","modified_gmt":"2020-02-17T14:59:26","slug":"nos-valeurs","status":"publish","type":"page","link":"https:\/\/www.kasparian-etancheite.com\/index.php\/nos-valeurs\/","title":{"rendered":"Nos valeurs"},"content":{"rendered":"\n<h2 class=\"wp-block-heading\">TECHNICIT\u00c9<\/h2>\n\n\n\n<p>L\u2019\u00e9valuation des travaux est prioritairement technique et fond\u00e9e sur l\u2019\u00e9tude des plans. Elle d\u00e9termine ainsi le juste choix des mat\u00e9riaux et d\u00e9finit les proc\u00e9dures les mieux adapt\u00e9es.&nbsp;<\/p>\n\n\n\n<figure class=\"wp-block-image size-large\"><img loading=\"lazy\" decoding=\"async\" width=\"1024\" height=\"683\" src=\"http:\/\/kasparian-etancheite.com\/wp-content\/uploads\/2020\/02\/kasparian-architecture-1024x683.jpg\" alt=\"L\u2019\u00e9valuation des travaux est prioritairement technique et fond\u00e9e sur l\u2019\u00e9tude des plans.\" class=\"wp-image-93\" srcset=\"https:\/\/www.kasparian-etancheite.com\/wp-content\/uploads\/2020\/02\/kasparian-architecture-1024x683.jpg 1024w, https:\/\/www.kasparian-etancheite.com\/wp-content\/uploads\/2020\/02\/kasparian-architecture-300x200.jpg 300w, https:\/\/www.kasparian-etancheite.com\/wp-content\/uploads\/2020\/02\/kasparian-architecture-768x512.jpg 768w, https:\/\/www.kasparian-etancheite.com\/wp-content\/uploads\/2020\/02\/kasparian-architecture-1536x1024.jpg 1536w, https:\/\/www.kasparian-etancheite.com\/wp-content\/uploads\/2020\/02\/kasparian-architecture.jpg 1920w\" sizes=\"auto, (max-width: 767px) 89vw, (max-width: 1000px) 54vw, (max-width: 1071px) 543px, 580px\" \/><\/figure>\n\n\n\n<h2 class=\"wp-block-heading\">R\u00c9ACTIVIT\u00c9<\/h2>\n\n\n\n<p>De la gestion ma\u00eetris\u00e9e des urgences, au retour d\u2019information permanent et \u00e0 la prise en charge d\u2019interventions \u00e0 la demande, les \u00e9quipes Kasaprian sont op\u00e9rationnelles sans d\u00e9lai.&nbsp;<\/p>\n\n\n\n<figure class=\"wp-block-image size-large\"><img loading=\"lazy\" decoding=\"async\" width=\"1024\" height=\"573\" src=\"http:\/\/kasparian-etancheite.com\/wp-content\/uploads\/2020\/02\/kasparian-gestion-1024x573.jpg\" alt=\"Kasparian, la gestion des demandes\" class=\"wp-image-96\" srcset=\"https:\/\/www.kasparian-etancheite.com\/wp-content\/uploads\/2020\/02\/kasparian-gestion-1024x573.jpg 1024w, https:\/\/www.kasparian-etancheite.com\/wp-content\/uploads\/2020\/02\/kasparian-gestion-300x168.jpg 300w, https:\/\/www.kasparian-etancheite.com\/wp-content\/uploads\/2020\/02\/kasparian-gestion-768x430.jpg 768w, https:\/\/www.kasparian-etancheite.com\/wp-content\/uploads\/2020\/02\/kasparian-gestion-1536x859.jpg 1536w, https:\/\/www.kasparian-etancheite.com\/wp-content\/uploads\/2020\/02\/kasparian-gestion.jpg 1920w\" sizes=\"auto, (max-width: 767px) 89vw, (max-width: 1000px) 54vw, (max-width: 1071px) 543px, 580px\" \/><\/figure>\n\n\n\n<h2 class=\"wp-block-heading\">PROXIMIT\u00c9<\/h2>\n\n\n\n<p>En choisissant une entreprise proche de vous, vous participez au d\u00e9veloppement de l\u2019activit\u00e9 \u00e9conomique locale tout en rationalisant vos co\u00fbts.&nbsp;<\/p>\n\n\n\n<figure class=\"wp-block-image size-large\"><img loading=\"lazy\" decoding=\"async\" width=\"1024\" height=\"513\" src=\"http:\/\/kasparian-etancheite.com\/wp-content\/uploads\/2020\/02\/kasparian-developpement-local-1024x513.jpg\" alt=\"kasparian, participez au d\u00e9veloppement de l\u2019activit\u00e9 \u00e9conomique locale\" class=\"wp-image-102\" srcset=\"https:\/\/www.kasparian-etancheite.com\/wp-content\/uploads\/2020\/02\/kasparian-developpement-local-1024x513.jpg 1024w, https:\/\/www.kasparian-etancheite.com\/wp-content\/uploads\/2020\/02\/kasparian-developpement-local-300x150.jpg 300w, https:\/\/www.kasparian-etancheite.com\/wp-content\/uploads\/2020\/02\/kasparian-developpement-local-768x384.jpg 768w, https:\/\/www.kasparian-etancheite.com\/wp-content\/uploads\/2020\/02\/kasparian-developpement-local-1536x769.jpg 1536w, https:\/\/www.kasparian-etancheite.com\/wp-content\/uploads\/2020\/02\/kasparian-developpement-local.jpg 1918w\" sizes=\"auto, (max-width: 767px) 89vw, (max-width: 1000px) 54vw, (max-width: 1071px) 543px, 580px\" \/><\/figure>\n\n\n\n<h2 class=\"wp-block-heading\">HONNETET\u00c9<\/h2>\n\n\n\n<p>Nous facturons correctement et honn\u00eatement nos interventions. Nous facturons toujours selon les tarifs indiqu\u00e9s.<\/p>\n\n\n\n<figure class=\"wp-block-image size-large\"><img loading=\"lazy\" decoding=\"async\" width=\"1024\" height=\"683\" src=\"http:\/\/kasparian-etancheite.com\/wp-content\/uploads\/2020\/02\/kasparian-succes-1024x683.jpg\" alt=\"Nous facturons toujours selon les tarifs indiqu\u00e9s.\" class=\"wp-image-98\" srcset=\"https:\/\/www.kasparian-etancheite.com\/wp-content\/uploads\/2020\/02\/kasparian-succes-1024x683.jpg 1024w, https:\/\/www.kasparian-etancheite.com\/wp-content\/uploads\/2020\/02\/kasparian-succes-300x200.jpg 300w, https:\/\/www.kasparian-etancheite.com\/wp-content\/uploads\/2020\/02\/kasparian-succes-768x512.jpg 768w, https:\/\/www.kasparian-etancheite.com\/wp-content\/uploads\/2020\/02\/kasparian-succes-1536x1024.jpg 1536w, https:\/\/www.kasparian-etancheite.com\/wp-content\/uploads\/2020\/02\/kasparian-succes.jpg 1920w\" sizes=\"auto, (max-width: 767px) 89vw, (max-width: 1000px) 54vw, (max-width: 1071px) 543px, 580px\" \/><\/figure>\n","protected":false},"excerpt":{"rendered":"<p>TECHNICIT\u00c9 L\u2019\u00e9valuation des travaux est prioritairement technique et fond\u00e9e sur l\u2019\u00e9tude des plans. Elle d\u00e9termine ainsi le juste choix des mat\u00e9riaux et d\u00e9finit les proc\u00e9dures les mieux adapt\u00e9es.&nbsp; R\u00c9ACTIVIT\u00c9 De la gestion ma\u00eetris\u00e9e des urgences, au retour d\u2019information permanent et \u00e0 la prise en charge d\u2019interventions \u00e0 la demande, les \u00e9quipes Kasaprian sont op\u00e9rationnelles sans &hellip; <\/p>\n<p class=\"link-more\"><a href=\"https:\/\/www.kasparian-etancheite.com\/index.php\/nos-valeurs\/\" class=\"more-link\">Continuer la lecture<span class=\"screen-reader-text\"> de &laquo;&nbsp;Nos valeurs&nbsp;&raquo;<\/span><\/a><\/p>\n","protected":false},"author":4,"featured_media":0,"parent":0,"menu_order":0,"comment_status":"closed","ping_status":"closed","template":"","meta":{"footnotes":""},"class_list":["post-92","page","type-page","status-publish","hentry"],"yoast_head":"<!-- This site is optimized with the Yoast SEO plugin v27.1.1 - https:\/\/yoast.com\/product\/yoast-seo-wordpress\/ -->\n<title>Nos valeurs - Entreprise Kasparian<\/title>\n<meta name=\"robots\" content=\"index, follow, max-snippet:-1, max-image-preview:large, max-video-preview:-1\" \/>\n<link rel=\"canonical\" href=\"https:\/\/www.kasparian-etancheite.com\/index.php\/nos-valeurs\/\" \/>\n<meta property=\"og:locale\" content=\"fr_FR\" \/>\n<meta property=\"og:type\" content=\"article\" \/>\n<meta property=\"og:title\" content=\"Nos valeurs - Entreprise Kasparian\" \/>\n<meta property=\"og:description\" content=\"TECHNICIT\u00c9 L\u2019\u00e9valuation des travaux est prioritairement technique et fond\u00e9e sur l\u2019\u00e9tude des plans. Elle d\u00e9termine ainsi le juste choix des mat\u00e9riaux et d\u00e9finit les proc\u00e9dures les mieux adapt\u00e9es.&nbsp; R\u00c9ACTIVIT\u00c9 De la gestion ma\u00eetris\u00e9e des urgences, au retour d\u2019information permanent et \u00e0 la prise en charge d\u2019interventions \u00e0 la demande, les \u00e9quipes Kasaprian sont op\u00e9rationnelles sans &hellip; Continuer la lecture de &laquo;&nbsp;Nos valeurs&nbsp;&raquo;\" \/>\n<meta property=\"og:url\" content=\"https:\/\/www.kasparian-etancheite.com\/index.php\/nos-valeurs\/\" \/>\n<meta property=\"og:site_name\" content=\"Entreprise Kasparian\" \/>\n<meta property=\"article:modified_time\" content=\"2020-02-17T14:59:26+00:00\" \/>\n<meta property=\"og:image\" content=\"http:\/\/kasparian-etancheite.com\/wp-content\/uploads\/2020\/02\/kasparian-architecture-1024x683.jpg\" \/>\n<meta name=\"twitter:card\" content=\"summary_large_image\" \/>\n<meta name=\"twitter:label1\" content=\"Dur\u00e9e de lecture estim\u00e9e\" \/>\n\t<meta name=\"twitter:data1\" content=\"1 minute\" \/>\n<script type=\"application\/ld+json\" class=\"yoast-schema-graph\">{\"@context\":\"https:\/\/schema.org\",\"@graph\":[{\"@type\":\"WebPage\",\"@id\":\"https:\/\/www.kasparian-etancheite.com\/index.php\/nos-valeurs\/\",\"url\":\"https:\/\/www.kasparian-etancheite.com\/index.php\/nos-valeurs\/\",\"name\":\"Nos valeurs - Entreprise Kasparian\",\"isPartOf\":{\"@id\":\"https:\/\/www.kasparian-etancheite.com\/#website\"},\"primaryImageOfPage\":{\"@id\":\"https:\/\/www.kasparian-etancheite.com\/index.php\/nos-valeurs\/#primaryimage\"},\"image\":{\"@id\":\"https:\/\/www.kasparian-etancheite.com\/index.php\/nos-valeurs\/#primaryimage\"},\"thumbnailUrl\":\"http:\/\/kasparian-etancheite.com\/wp-content\/uploads\/2020\/02\/kasparian-architecture-1024x683.jpg\",\"datePublished\":\"2020-02-17T13:46:37+00:00\",\"dateModified\":\"2020-02-17T14:59:26+00:00\",\"breadcrumb\":{\"@id\":\"https:\/\/www.kasparian-etancheite.com\/index.php\/nos-valeurs\/#breadcrumb\"},\"inLanguage\":\"fr-FR\",\"potentialAction\":[{\"@type\":\"ReadAction\",\"target\":[\"https:\/\/www.kasparian-etancheite.com\/index.php\/nos-valeurs\/\"]}]},{\"@type\":\"ImageObject\",\"inLanguage\":\"fr-FR\",\"@id\":\"https:\/\/www.kasparian-etancheite.com\/index.php\/nos-valeurs\/#primaryimage\",\"url\":\"http:\/\/kasparian-etancheite.com\/wp-content\/uploads\/2020\/02\/kasparian-architecture-1024x683.jpg\",\"contentUrl\":\"http:\/\/kasparian-etancheite.com\/wp-content\/uploads\/2020\/02\/kasparian-architecture-1024x683.jpg\"},{\"@type\":\"BreadcrumbList\",\"@id\":\"https:\/\/www.kasparian-etancheite.com\/index.php\/nos-valeurs\/#breadcrumb\",\"itemListElement\":[{\"@type\":\"ListItem\",\"position\":1,\"name\":\"Accueil\",\"item\":\"https:\/\/www.kasparian-etancheite.com\/\"},{\"@type\":\"ListItem\",\"position\":2,\"name\":\"Nos valeurs\"}]},{\"@type\":\"WebSite\",\"@id\":\"https:\/\/www.kasparian-etancheite.com\/#website\",\"url\":\"https:\/\/www.kasparian-etancheite.com\/\",\"name\":\"Entreprise Kasparian\",\"description\":\"Entreprise du b\u00e2timent sp\u00e9cialis\u00e9e dans l&#039;isolation, l&#039;\u00e9tanch\u00e9it\u00e9 et la couverture\",\"publisher\":{\"@id\":\"https:\/\/www.kasparian-etancheite.com\/#organization\"},\"potentialAction\":[{\"@type\":\"SearchAction\",\"target\":{\"@type\":\"EntryPoint\",\"urlTemplate\":\"https:\/\/www.kasparian-etancheite.com\/?s={search_term_string}\"},\"query-input\":{\"@type\":\"PropertyValueSpecification\",\"valueRequired\":true,\"valueName\":\"search_term_string\"}}],\"inLanguage\":\"fr-FR\"},{\"@type\":\"Organization\",\"@id\":\"https:\/\/www.kasparian-etancheite.com\/#organization\",\"name\":\"Entreprise Kasparian\",\"url\":\"https:\/\/www.kasparian-etancheite.com\/\",\"logo\":{\"@type\":\"ImageObject\",\"inLanguage\":\"fr-FR\",\"@id\":\"https:\/\/www.kasparian-etancheite.com\/#\/schema\/logo\/image\/\",\"url\":\"https:\/\/www.kasparian-etancheite.com\/wp-content\/uploads\/2025\/04\/cropped-Logo.jpg\",\"contentUrl\":\"https:\/\/www.kasparian-etancheite.com\/wp-content\/uploads\/2025\/04\/cropped-Logo.jpg\",\"width\":2014,\"height\":761,\"caption\":\"Entreprise Kasparian\"},\"image\":{\"@id\":\"https:\/\/www.kasparian-etancheite.com\/#\/schema\/logo\/image\/\"}}]}<\/script>\n<!-- \/ Yoast SEO plugin. -->","yoast_head_json":{"title":"Nos valeurs - Entreprise Kasparian","robots":{"index":"index","follow":"follow","max-snippet":"max-snippet:-1","max-image-preview":"max-image-preview:large","max-video-preview":"max-video-preview:-1"},"canonical":"https:\/\/www.kasparian-etancheite.com\/index.php\/nos-valeurs\/","og_locale":"fr_FR","og_type":"article","og_title":"Nos valeurs - Entreprise Kasparian","og_description":"TECHNICIT\u00c9 L\u2019\u00e9valuation des travaux est prioritairement technique et fond\u00e9e sur l\u2019\u00e9tude des plans. Elle d\u00e9termine ainsi le juste choix des mat\u00e9riaux et d\u00e9finit les proc\u00e9dures les mieux adapt\u00e9es.&nbsp; R\u00c9ACTIVIT\u00c9 De la gestion ma\u00eetris\u00e9e des urgences, au retour d\u2019information permanent et \u00e0 la prise en charge d\u2019interventions \u00e0 la demande, les \u00e9quipes Kasaprian sont op\u00e9rationnelles sans &hellip; Continuer la lecture de &laquo;&nbsp;Nos valeurs&nbsp;&raquo;","og_url":"https:\/\/www.kasparian-etancheite.com\/index.php\/nos-valeurs\/","og_site_name":"Entreprise Kasparian","article_modified_time":"2020-02-17T14:59:26+00:00","og_image":[{"url":"http:\/\/kasparian-etancheite.com\/wp-content\/uploads\/2020\/02\/kasparian-architecture-1024x683.jpg","type":"","width":"","height":""}],"twitter_card":"summary_large_image","twitter_misc":{"Dur\u00e9e de lecture estim\u00e9e":"1 minute"},"schema":{"@context":"https:\/\/schema.org","@graph":[{"@type":"WebPage","@id":"https:\/\/www.kasparian-etancheite.com\/index.php\/nos-valeurs\/","url":"https:\/\/www.kasparian-etancheite.com\/index.php\/nos-valeurs\/","name":"Nos valeurs - Entreprise Kasparian","isPartOf":{"@id":"https:\/\/www.kasparian-etancheite.com\/#website"},"primaryImageOfPage":{"@id":"https:\/\/www.kasparian-etancheite.com\/index.php\/nos-valeurs\/#primaryimage"},"image":{"@id":"https:\/\/www.kasparian-etancheite.com\/index.php\/nos-valeurs\/#primaryimage"},"thumbnailUrl":"http:\/\/kasparian-etancheite.com\/wp-content\/uploads\/2020\/02\/kasparian-architecture-1024x683.jpg","datePublished":"2020-02-17T13:46:37+00:00","dateModified":"2020-02-17T14:59:26+00:00","breadcrumb":{"@id":"https:\/\/www.kasparian-etancheite.com\/index.php\/nos-valeurs\/#breadcrumb"},"inLanguage":"fr-FR","potentialAction":[{"@type":"ReadAction","target":["https:\/\/www.kasparian-etancheite.com\/index.php\/nos-valeurs\/"]}]},{"@type":"ImageObject","inLanguage":"fr-FR","@id":"https:\/\/www.kasparian-etancheite.com\/index.php\/nos-valeurs\/#primaryimage","url":"http:\/\/kasparian-etancheite.com\/wp-content\/uploads\/2020\/02\/kasparian-architecture-1024x683.jpg","contentUrl":"http:\/\/kasparian-etancheite.com\/wp-content\/uploads\/2020\/02\/kasparian-architecture-1024x683.jpg"},{"@type":"BreadcrumbList","@id":"https:\/\/www.kasparian-etancheite.com\/index.php\/nos-valeurs\/#breadcrumb","itemListElement":[{"@type":"ListItem","position":1,"name":"Accueil","item":"https:\/\/www.kasparian-etancheite.com\/"},{"@type":"ListItem","position":2,"name":"Nos valeurs"}]},{"@type":"WebSite","@id":"https:\/\/www.kasparian-etancheite.com\/#website","url":"https:\/\/www.kasparian-etancheite.com\/","name":"Entreprise Kasparian","description":"Entreprise du b\u00e2timent sp\u00e9cialis\u00e9e dans l&#039;isolation, l&#039;\u00e9tanch\u00e9it\u00e9 et la couverture","publisher":{"@id":"https:\/\/www.kasparian-etancheite.com\/#organization"},"potentialAction":[{"@type":"SearchAction","target":{"@type":"EntryPoint","urlTemplate":"https:\/\/www.kasparian-etancheite.com\/?s={search_term_string}"},"query-input":{"@type":"PropertyValueSpecification","valueRequired":true,"valueName":"search_term_string"}}],"inLanguage":"fr-FR"},{"@type":"Organization","@id":"https:\/\/www.kasparian-etancheite.com\/#organization","name":"Entreprise Kasparian","url":"https:\/\/www.kasparian-etancheite.com\/","logo":{"@type":"ImageObject","inLanguage":"fr-FR","@id":"https:\/\/www.kasparian-etancheite.com\/#\/schema\/logo\/image\/","url":"https:\/\/www.kasparian-etancheite.com\/wp-content\/uploads\/2025\/04\/cropped-Logo.jpg","contentUrl":"https:\/\/www.kasparian-etancheite.com\/wp-content\/uploads\/2025\/04\/cropped-Logo.jpg","width":2014,"height":761,"caption":"Entreprise Kasparian"},"image":{"@id":"https:\/\/www.kasparian-etancheite.com\/#\/schema\/logo\/image\/"}}]}},"_links":{"self":[{"href":"https:\/\/www.kasparian-etancheite.com\/index.php\/wp-json\/wp\/v2\/pages\/92","targetHints":{"allow":["GET"]}}],"collection":[{"href":"https:\/\/www.kasparian-etancheite.com\/index.php\/wp-json\/wp\/v2\/pages"}],"about":[{"href":"https:\/\/www.kasparian-etancheite.com\/index.php\/wp-json\/wp\/v2\/types\/page"}],"author":[{"embeddable":true,"href":"https:\/\/www.kasparian-etancheite.com\/index.php\/wp-json\/wp\/v2\/users\/4"}],"replies":[{"embeddable":true,"href":"https:\/\/www.kasparian-etancheite.com\/index.php\/wp-json\/wp\/v2\/comments?post=92"}],"version-history":[{"count":5,"href":"https:\/\/www.kasparian-etancheite.com\/index.php\/wp-json\/wp\/v2\/pages\/92\/revisions"}],"predecessor-version":[{"id":106,"href":"https:\/\/www.kasparian-etancheite.com\/index.php\/wp-json\/wp\/v2\/pages\/92\/revisions\/106"}],"wp:attachment":[{"href":"https:\/\/www.kasparian-etancheite.com\/index.php\/wp-json\/wp\/v2\/media?parent=92"}],"curies":[{"name":"wp","href":"https:\/\/api.w.org\/{rel}","templated":true}]}}